{"id":764,"date":"2022-09-16T18:43:54","date_gmt":"2022-09-16T18:43:54","guid":{"rendered":"https:\/\/grupostg.com\/?page_id=764"},"modified":"2023-03-08T17:19:52","modified_gmt":"2023-03-08T23:19:52","slug":"contacto","status":"publish","type":"page","link":"https:\/\/grupostg.com\/en\/contacto\/","title":{"rendered":"Contact"},"content":{"rendered":"<div data-elementor-type=\"wp-page\" data-elementor-id=\"764\" class=\"elementor elementor-764\" data-elementor-post-type=\"page\">\n\t\t\t\t\t\t<section class=\"elementor-section elementor-top-section elementor-element elementor-element-fd4bc20 elementor-section-boxed elementor-section-height-default elementor-section-height-default\" data-id=\"fd4bc20\" data-element_type=\"section\" data-settings=\"{&quot;background_background&quot;:&quot;classic&quot;}\">\n\t\t\t\t\t\t\t<div class=\"elementor-background-overlay\"><\/div>\n\t\t\t\t\t\t\t<div class=\"elementor-container elementor-column-gap-default\">\n\t\t\t\t\t<div class=\"elementor-column elementor-col-50 elementor-top-column elementor-element elementor-element-617e62ca\" data-id=\"617e62ca\" data-element_type=\"column\">\n\t\t\t<div class=\"elementor-widget-wrap elementor-element-populated\">\n\t\t\t\t\t\t<div class=\"elementor-element elementor-element-266394db elementor-icon-list--layout-inline elementor-list-item-link-full_width elementor-widget elementor-widget-icon-list\" data-id=\"266394db\" data-element_type=\"widget\" data-widget_type=\"icon-list.default\">\n\t\t\t\t<div class=\"elementor-widget-container\">\n\t\t\t\t\t\t\t<ul class=\"elementor-icon-list-items elementor-inline-items\">\n\t\t\t\t\t\t\t<li class=\"elementor-icon-list-item elementor-inline-item\">\n\t\t\t\t\t\t\t\t\t\t\t<a href=\"#\">\n\n\t\t\t\t\t\t\t\t\t\t\t<span class=\"elementor-icon-list-text\">Home<\/span>\n\t\t\t\t\t\t\t\t\t\t\t<\/a>\n\t\t\t\t\t\t\t\t\t<\/li>\n\t\t\t\t\t\t\t\t<li class=\"elementor-icon-list-item elementor-inline-item\">\n\t\t\t\t\t\t\t\t\t\t\t<a href=\"#\">\n\n\t\t\t\t\t\t\t\t\t\t\t\t<span class=\"elementor-icon-list-icon\">\n\t\t\t\t\t\t\t<i aria-hidden=\"true\" class=\"fas fa-caret-right\"><\/i>\t\t\t\t\t\t<\/span>\n\t\t\t\t\t\t\t\t\t\t<span class=\"elementor-icon-list-text\">Contact<\/span>\n\t\t\t\t\t\t\t\t\t\t\t<\/a>\n\t\t\t\t\t\t\t\t\t<\/li>\n\t\t\t\t\t\t<\/ul>\n\t\t\t\t\t\t<\/div>\n\t\t\t\t<\/div>\n\t\t\t\t<div class=\"elementor-element elementor-element-2dc54408 elementor-widget elementor-widget-heading\" data-id=\"2dc54408\" data-element_type=\"widget\" data-widget_type=\"heading.default\">\n\t\t\t\t<div class=\"elementor-widget-container\">\n\t\t\t\t\t<h1 class=\"elementor-heading-title elementor-size-default\">Contact Us<\/h1>\t\t\t\t<\/div>\n\t\t\t\t<\/div>\n\t\t\t\t\t<\/div>\n\t\t<\/div>\n\t\t\t\t<div class=\"elementor-column elementor-col-50 elementor-top-column elementor-element elementor-element-21b900d6 elementor-hidden-tablet elementor-hidden-mobile\" data-id=\"21b900d6\" data-element_type=\"column\">\n\t\t\t<div class=\"elementor-widget-wrap\">\n\t\t\t\t\t\t\t<\/div>\n\t\t<\/div>\n\t\t\t\t\t<\/div>\n\t\t<\/section>\n\t\t\t\t<section class=\"elementor-section elementor-top-section elementor-element elementor-element-1e222166 elementor-section-boxed elementor-section-height-default elementor-section-height-default\" data-id=\"1e222166\" data-element_type=\"section\">\n\t\t\t\t\t\t<div class=\"elementor-container elementor-column-gap-no\">\n\t\t\t\t\t<div class=\"elementor-column elementor-col-100 elementor-top-column elementor-element elementor-element-4adf2a42\" data-id=\"4adf2a42\" data-element_type=\"column\">\n\t\t\t<div class=\"elementor-widget-wrap elementor-element-populated\">\n\t\t\t\t\t\t<section class=\"elementor-section elementor-inner-section elementor-element elementor-element-4bd69a4b elementor-section-boxed elementor-section-height-default elementor-section-height-default\" data-id=\"4bd69a4b\" data-element_type=\"section\">\n\t\t\t\t\t\t<div class=\"elementor-container elementor-column-gap-no\">\n\t\t\t\t\t<div class=\"elementor-column elementor-col-100 elementor-inner-column elementor-element elementor-element-e24ef5b\" data-id=\"e24ef5b\" data-element_type=\"column\">\n\t\t\t<div class=\"elementor-widget-wrap elementor-element-populated\">\n\t\t\t\t\t\t<div class=\"elementor-element elementor-element-60d9b75b elementor-widget-divider--view-line_text elementor-widget-divider--element-align-right elementor-invisible elementor-widget elementor-widget-divider\" data-id=\"60d9b75b\" data-element_type=\"widget\" data-settings=\"{&quot;_animation&quot;:&quot;fadeInUp&quot;}\" data-widget_type=\"divider.default\">\n\t\t\t\t<div class=\"elementor-widget-container\">\n\t\t\t\t\t\t\t<div class=\"elementor-divider\">\n\t\t\t<span class=\"elementor-divider-separator\">\n\t\t\t\t\t\t\t<span class=\"elementor-divider__text elementor-divider__element\">\n\t\t\t\tGet in touch\t\t\t\t<\/span>\n\t\t\t\t\t\t<\/span>\n\t\t<\/div>\n\t\t\t\t\t\t<\/div>\n\t\t\t\t<\/div>\n\t\t\t\t<div class=\"elementor-element elementor-element-682771d9 elementor-invisible elementor-widget elementor-widget-heading\" data-id=\"682771d9\" data-element_type=\"widget\" data-settings=\"{&quot;_animation&quot;:&quot;fadeInUp&quot;,&quot;_animation_delay&quot;:200}\" data-widget_type=\"heading.default\">\n\t\t\t\t<div class=\"elementor-widget-container\">\n\t\t\t\t\t<h2 class=\"elementor-heading-title elementor-size-default\">Make an appointment with our human talent<\/h2>\t\t\t\t<\/div>\n\t\t\t\t<\/div>\n\t\t\t\t\t<\/div>\n\t\t<\/div>\n\t\t\t\t\t<\/div>\n\t\t<\/section>\n\t\t\t\t<section class=\"elementor-section elementor-inner-section elementor-element elementor-element-4d8f28b9 elementor-section-full_width elementor-section-height-default elementor-section-height-default\" data-id=\"4d8f28b9\" data-element_type=\"section\">\n\t\t\t\t\t\t<div class=\"elementor-container elementor-column-gap-extended\">\n\t\t\t\t\t<div class=\"elementor-column elementor-col-33 elementor-inner-column elementor-element elementor-element-522b8a9 elementor-invisible\" data-id=\"522b8a9\" data-element_type=\"column\" data-settings=\"{&quot;animation&quot;:&quot;zoomIn&quot;,&quot;animation_delay&quot;:200}\">\n\t\t\t<div class=\"elementor-widget-wrap elementor-element-populated\">\n\t\t\t\t\t\t<div class=\"elementor-element elementor-element-70e85e32 ekit-equal-height-disable elementor-widget elementor-widget-elementskit-icon-box\" data-id=\"70e85e32\" data-element_type=\"widget\" data-widget_type=\"elementskit-icon-box.default\">\n\t\t\t\t<div class=\"elementor-widget-container\">\n\t\t\t\t\t<div class=\"ekit-wid-con\" >        <!-- link opening -->\n                <!-- end link opening -->\n\n        <div class=\"elementskit-infobox text-center text-center icon-top-align elementor-animation-float  gradient-active  hover_from_bottom\">\n                    <div class=\"elementskit-box-header elementor-animation-\">\n                <div class=\"elementskit-info-box-icon\">\n                    <i aria-hidden=\"true\" class=\"elementkit-infobox-icon icon icon-email1\"><\/i>\n                <\/div>\n          <\/div>\n                        <div class=\"box-body\">\n                            <h3 class=\"elementskit-info-box-title\">\n                    E-mail                <\/h3>\n                        \t\t  \t<p>info@grupostg.com<\/p>\n                                <\/div>\n        \n        \n                <\/div>\n        <\/div>\t\t\t\t<\/div>\n\t\t\t\t<\/div>\n\t\t\t\t\t<\/div>\n\t\t<\/div>\n\t\t\t\t<div class=\"elementor-column elementor-col-33 elementor-inner-column elementor-element elementor-element-3945f9b6 elementor-invisible\" data-id=\"3945f9b6\" data-element_type=\"column\" data-settings=\"{&quot;animation&quot;:&quot;zoomIn&quot;}\">\n\t\t\t<div class=\"elementor-widget-wrap elementor-element-populated\">\n\t\t\t\t\t\t<div class=\"elementor-element elementor-element-e541a5b ekit-equal-height-disable elementor-widget elementor-widget-elementskit-icon-box\" data-id=\"e541a5b\" data-element_type=\"widget\" data-widget_type=\"elementskit-icon-box.default\">\n\t\t\t\t<div class=\"elementor-widget-container\">\n\t\t\t\t\t<div class=\"ekit-wid-con\" >        <!-- link opening -->\n                <!-- end link opening -->\n\n        <div class=\"elementskit-infobox text-center text-center icon-top-align elementor-animation-float  gradient-active  hover_from_bottom\">\n                    <div class=\"elementskit-box-header elementor-animation-\">\n                <div class=\"elementskit-info-box-icon\">\n                    <i aria-hidden=\"true\" class=\"elementkit-infobox-icon icon icon-map-marker1\"><\/i>\n                <\/div>\n          <\/div>\n                        <div class=\"box-body\">\n                            <h3 class=\"elementskit-info-box-title\">\n                    Holding company                <\/h3>\n                        \t\t  \t<p>STG Group of Central America, <\/br>Bloc Office Hub, Fifth Floor, Santa Mar\u00eda Commercial District, Panama City, Republic of Panama<\/p>\n                                <\/div>\n        \n        \n                <\/div>\n        <\/div>\t\t\t\t<\/div>\n\t\t\t\t<\/div>\n\t\t\t\t\t<\/div>\n\t\t<\/div>\n\t\t\t\t<div class=\"elementor-column elementor-col-33 elementor-inner-column elementor-element elementor-element-28f1c36f elementor-invisible\" data-id=\"28f1c36f\" data-element_type=\"column\" data-settings=\"{&quot;animation&quot;:&quot;zoomIn&quot;,&quot;animation_delay&quot;:400}\">\n\t\t\t<div class=\"elementor-widget-wrap elementor-element-populated\">\n\t\t\t\t\t\t<div class=\"elementor-element elementor-element-23640317 ekit-equal-height-disable elementor-widget elementor-widget-elementskit-icon-box\" data-id=\"23640317\" data-element_type=\"widget\" data-widget_type=\"elementskit-icon-box.default\">\n\t\t\t\t<div class=\"elementor-widget-container\">\n\t\t\t\t\t<div class=\"ekit-wid-con\" >        <!-- link opening -->\n                <!-- end link opening -->\n\n        <div class=\"elementskit-infobox text-center text-center icon-top-align elementor-animation-float  gradient-active  hover_from_bottom\">\n                    <div class=\"elementskit-box-header elementor-animation-\">\n                <div class=\"elementskit-info-box-icon\">\n                    <i aria-hidden=\"true\" class=\"elementkit-infobox-icon icon icon-phone-call1\"><\/i>\n                <\/div>\n          <\/div>\n                        <div class=\"box-body\">\n                            <h3 class=\"elementskit-info-box-title\">\n                    Phone                <\/h3>\n                        \t\t  \t<p>( +502 ) 2381-1333 <\/br>\nFax: (+502) 2381-1331\n\n<\/p>\n                                <\/div>\n        \n        \n                <\/div>\n        <\/div>\t\t\t\t<\/div>\n\t\t\t\t<\/div>\n\t\t\t\t\t<\/div>\n\t\t<\/div>\n\t\t\t\t\t<\/div>\n\t\t<\/section>\n\t\t\t\t\t<\/div>\n\t\t<\/div>\n\t\t\t\t\t<\/div>\n\t\t<\/section>\n\t\t\t\t<section class=\"elementor-section elementor-top-section elementor-element elementor-element-bfcd753 elementor-reverse-tablet elementor-reverse-mobile elementor-section-boxed elementor-section-height-default elementor-section-height-default\" data-id=\"bfcd753\" data-element_type=\"section\">\n\t\t\t\t\t\t<div class=\"elementor-container elementor-column-gap-default\">\n\t\t\t\t\t<div class=\"elementor-column elementor-col-100 elementor-top-column elementor-element elementor-element-7c6d76f\" data-id=\"7c6d76f\" data-element_type=\"column\">\n\t\t\t<div class=\"elementor-widget-wrap elementor-element-populated\">\n\t\t\t\t\t\t<div class=\"elementor-element elementor-element-b30f2fa elementor-tabs-alignment-center elementor-tabs-view-horizontal elementor-widget elementor-widget-tabs\" data-id=\"b30f2fa\" data-element_type=\"widget\" data-widget_type=\"tabs.default\">\n\t\t\t\t<div class=\"elementor-widget-container\">\n\t\t\t\t\t\t\t<div class=\"elementor-tabs\">\n\t\t\t<div class=\"elementor-tabs-wrapper\" role=\"tablist\" >\n\t\t\t\t\t\t\t\t\t<div id=\"elementor-tab-title-1871\" class=\"elementor-tab-title elementor-tab-desktop-title\" aria-selected=\"true\" data-tab=\"1\" role=\"tab\" tabindex=\"0\" aria-controls=\"elementor-tab-content-1871\" aria-expanded=\"false\"><img decoding=\"async\" class=\"alignnone  wp-image-687\" src=\"https:\/\/grupostg.com\/wp-content\/uploads\/2022\/09\/panama.png\" alt=\"\" width=\"57\" height=\"38\" \/>\u00a0 Panama<\/div>\n\t\t\t\t\t\t\t\t\t<div id=\"elementor-tab-title-1872\" class=\"elementor-tab-title elementor-tab-desktop-title\" aria-selected=\"false\" data-tab=\"2\" role=\"tab\" tabindex=\"-1\" aria-controls=\"elementor-tab-content-1872\" aria-expanded=\"false\"><img decoding=\"async\" class=\"alignnone wp-image-684\" src=\"https:\/\/grupostg.com\/wp-content\/uploads\/2022\/09\/guatemala.png\" alt=\"\" width=\"57\" height=\"38\" \/>\u00a0 Guatemala<\/div>\n\t\t\t\t\t\t\t\t\t<div id=\"elementor-tab-title-1873\" class=\"elementor-tab-title elementor-tab-desktop-title\" aria-selected=\"false\" data-tab=\"3\" role=\"tab\" tabindex=\"-1\" aria-controls=\"elementor-tab-content-1873\" aria-expanded=\"false\"><img decoding=\"async\" class=\"alignnone wp-image-683\" src=\"https:\/\/grupostg.com\/wp-content\/uploads\/2022\/09\/ElSalvador.png\" alt=\"\" width=\"57\" height=\"38\" \/>\u00a0 El Salvador<\/div>\n\t\t\t\t\t\t\t\t\t<div id=\"elementor-tab-title-1874\" class=\"elementor-tab-title elementor-tab-desktop-title\" aria-selected=\"false\" data-tab=\"4\" role=\"tab\" tabindex=\"-1\" aria-controls=\"elementor-tab-content-1874\" aria-expanded=\"false\"><img loading=\"lazy\" decoding=\"async\" class=\"alignnone wp-image-685 size-full\" src=\"https:\/\/grupostg.com\/wp-content\/uploads\/2022\/09\/Honduras.png\" alt=\"\" width=\"57\" height=\"38\" \/>\u00a0Honduras<\/div>\n\t\t\t\t\t\t\t\t\t<div id=\"elementor-tab-title-1875\" class=\"elementor-tab-title elementor-tab-desktop-title\" aria-selected=\"false\" data-tab=\"5\" role=\"tab\" tabindex=\"-1\" aria-controls=\"elementor-tab-content-1875\" aria-expanded=\"false\"><img loading=\"lazy\" decoding=\"async\" class=\"alignnone wp-image-686 size-full\" src=\"https:\/\/grupostg.com\/wp-content\/uploads\/2022\/09\/Nicaragua.png\" alt=\"\" width=\"57\" height=\"38\" \/>\u00a0 Nicaragua<\/div>\n\t\t\t\t\t\t\t\t\t<div id=\"elementor-tab-title-1876\" class=\"elementor-tab-title elementor-tab-desktop-title\" aria-selected=\"false\" data-tab=\"6\" role=\"tab\" tabindex=\"-1\" aria-controls=\"elementor-tab-content-1876\" aria-expanded=\"false\"><img loading=\"lazy\" decoding=\"async\" class=\"alignnone wp-image-682 size-full\" src=\"https:\/\/grupostg.com\/wp-content\/uploads\/2022\/09\/CostaRica.png\" alt=\"\" width=\"57\" height=\"38\" \/>\u00a0 Costa Rica<\/div>\n\t\t\t\t\t\t\t<\/div>\n\t\t\t<div class=\"elementor-tabs-content-wrapper\" role=\"tablist\" aria-orientation=\"vertical\">\n\t\t\t\t\t\t\t\t\t<div class=\"elementor-tab-title elementor-tab-mobile-title\" aria-selected=\"true\" data-tab=\"1\" role=\"tab\" tabindex=\"0\" aria-controls=\"elementor-tab-content-1871\" aria-expanded=\"false\"><img decoding=\"async\" class=\"alignnone  wp-image-687\" src=\"https:\/\/grupostg.com\/wp-content\/uploads\/2022\/09\/panama.png\" alt=\"\" width=\"57\" height=\"38\" \/>\u00a0 Panama<\/div>\n\t\t\t\t\t<div id=\"elementor-tab-content-1871\" class=\"elementor-tab-content elementor-clearfix\" data-tab=\"1\" role=\"tabpanel\" aria-labelledby=\"elementor-tab-title-1871\" tabindex=\"0\" hidden=\"false\"><p><strong>STG Group of Central America, Inc. (Panama)\u00a0<\/strong>(Holding company, not operational)<\/p><p><strong>Address<\/strong>: Bloc Office Hub, Fifth Floor, Santa Mar\u00eda Business District.<\/p><p>Panama City, Republic of Panama.<\/p><p><strong>Phone<\/strong>: (507) 269-2641, Fax: (507) 263-8079<\/p><p><iframe style=\"border: 0;\" src=\"https:\/\/www.google.com\/maps\/embed?pb=!1m18!1m12!1m3!1d4386.753134706727!2d-79.4649178493976!3d9.028885091444396!2m3!1f0!2f0!3f0!3m2!1i1024!2i768!4f13.1!3m3!1m2!1s0x8faca8e3968012bb%3A0x620b49d76fbdcbf9!2sQuijano%20%26%20Asociados!5e1!3m2!1ses!2sus!4v1663354299987!5m2!1ses!2sus\" width=\"600\" height=\"450\" allowfullscreen=\"allowfullscreen\"><\/iframe><\/p><\/div>\n\t\t\t\t\t\t\t\t\t<div class=\"elementor-tab-title elementor-tab-mobile-title\" aria-selected=\"false\" data-tab=\"2\" role=\"tab\" tabindex=\"-1\" aria-controls=\"elementor-tab-content-1872\" aria-expanded=\"false\"><img decoding=\"async\" class=\"alignnone wp-image-684\" src=\"https:\/\/grupostg.com\/wp-content\/uploads\/2022\/09\/guatemala.png\" alt=\"\" width=\"57\" height=\"38\" \/>\u00a0 Guatemala<\/div>\n\t\t\t\t\t<div id=\"elementor-tab-content-1872\" class=\"elementor-tab-content elementor-clearfix\" data-tab=\"2\" role=\"tabpanel\" aria-labelledby=\"elementor-tab-title-1872\" tabindex=\"0\" hidden=\"hidden\"><h5>STG de Guatemala, SA (Guatemala)<\/h5>\n<strong>Address<\/strong>: 19 Calle 5-47 zone 10, Unicentro Office 903, Guatemala, Guatemala, CA\n<\/br>\n<strong>Phone<\/strong>: (502) 2381-1333<\/br> <strong> Fax<\/strong>: (502) 2381-1331\n<\/br>\n<iframe style=\"border: 0;\" src=\"https:\/\/www.google.com\/maps\/embed?pb=!1m18!1m12!1m3!1d1930.5535652143044!2d-90.51262265670363!3d14.592970856191807!2m3!1f0!2f0!3f0!3m2!1i1024!2i768!4f13.1!3m3!1m2!1s0x8589a3c3c3818b93%3A0x5330cde78c360065!2sUnicentro!5e0!3m2!1ses!2sus!4v1663353591405!5m2!1ses!2sus\" width=\"600\" height=\"450\" allowfullscreen=\"allowfullscreen\"><\/iframe><\/div>\n\t\t\t\t\t\t\t\t\t<div class=\"elementor-tab-title elementor-tab-mobile-title\" aria-selected=\"false\" data-tab=\"3\" role=\"tab\" tabindex=\"-1\" aria-controls=\"elementor-tab-content-1873\" aria-expanded=\"false\"><img decoding=\"async\" class=\"alignnone wp-image-683\" src=\"https:\/\/grupostg.com\/wp-content\/uploads\/2022\/09\/ElSalvador.png\" alt=\"\" width=\"57\" height=\"38\" \/>\u00a0 El Salvador<\/div>\n\t\t\t\t\t<div id=\"elementor-tab-content-1873\" class=\"elementor-tab-content elementor-clearfix\" data-tab=\"3\" role=\"tabpanel\" aria-labelledby=\"elementor-tab-title-1873\" tabindex=\"0\" hidden=\"hidden\"><strong>STG Group of Central America, SA de CV (El Salvador)<\/strong>\n<\/br>\n<strong>Address<\/strong>: 63 South Avenue and Alameda Roosevelt, Giant Financial Center, Tower A, Level 3, San Salvador, El Salvador, CA \n<\/br>\n<strong>Phone<\/strong>: (503) 2245-2476, (503) 2245-2477\n\n<iframe style=\"border: 0;\" src=\"https:\/\/www.google.com\/maps\/embed?pb=!1m18!1m12!1m3!1d3876.3039948179903!2d-89.22458358465322!3d13.700029302180912!2m3!1f0!2f0!3f0!3m2!1i1024!2i768!4f13.1!3m3!1m2!1s0x8f63313fc9c62f61%3A0xcee274a87b2f5ef6!2sKONE%20El%20Salvador%20-%20CEFINCO%20Oficinas!5e0!3m2!1ses!2sgt!4v1675724023352!5m2!1ses!2sgt\" width=\"600\" height=\"450\" allowfullscreen=\"allowfullscreen\"><\/iframe><\/div>\n\t\t\t\t\t\t\t\t\t<div class=\"elementor-tab-title elementor-tab-mobile-title\" aria-selected=\"false\" data-tab=\"4\" role=\"tab\" tabindex=\"-1\" aria-controls=\"elementor-tab-content-1874\" aria-expanded=\"false\"><img loading=\"lazy\" decoding=\"async\" class=\"alignnone wp-image-685 size-full\" src=\"https:\/\/grupostg.com\/wp-content\/uploads\/2022\/09\/Honduras.png\" alt=\"\" width=\"57\" height=\"38\" \/>\u00a0Honduras<\/div>\n\t\t\t\t\t<div id=\"elementor-tab-content-1874\" class=\"elementor-tab-content elementor-clearfix\" data-tab=\"4\" role=\"tabpanel\" aria-labelledby=\"elementor-tab-title-1874\" tabindex=\"0\" hidden=\"hidden\"><strong>STG Group of Central America, SA (Honduras)<\/strong>\n\n<strong>Address<\/strong>: Agalta Building, Third Level, Office 312. Boulevard Moraz\u00e1n, Colonia Parcaltagua, Tegucigalpa, Honduras.\n\n<strong>Phone<\/strong>: (504) 2221-4949\n\n<iframe style=\"border: 0;\" src=\"https:\/\/www.google.com\/maps\/embed?pb=!1m18!1m12!1m3!1d1934.7983382770333!2d-87.18160386534912!3d14.100970150012575!2m3!1f0!2f0!3f0!3m2!1i1024!2i768!4f13.1!3m3!1m2!1s0x8f6fa329d23d87f3%3A0xdaf21e9488442ffe!2sAgalta!5e0!3m2!1ses!2sus!4v1663353832547!5m2!1ses!2sus\" width=\"600\" height=\"450\" allowfullscreen=\"allowfullscreen\"><\/iframe><\/div>\n\t\t\t\t\t\t\t\t\t<div class=\"elementor-tab-title elementor-tab-mobile-title\" aria-selected=\"false\" data-tab=\"5\" role=\"tab\" tabindex=\"-1\" aria-controls=\"elementor-tab-content-1875\" aria-expanded=\"false\"><img loading=\"lazy\" decoding=\"async\" class=\"alignnone wp-image-686 size-full\" src=\"https:\/\/grupostg.com\/wp-content\/uploads\/2022\/09\/Nicaragua.png\" alt=\"\" width=\"57\" height=\"38\" \/>\u00a0 Nicaragua<\/div>\n\t\t\t\t\t<div id=\"elementor-tab-content-1875\" class=\"elementor-tab-content elementor-clearfix\" data-tab=\"5\" role=\"tabpanel\" aria-labelledby=\"elementor-tab-title-1875\" tabindex=\"0\" hidden=\"hidden\"><strong>STG Group of Central America, SA (Nicaragua)<\/strong>\n\n<strong>Address<\/strong>: Altamira plans, Chinese embassy (100 meters north, in front of the MINAS module 4 building). Managua, Nicaragua, CA\n\n<strong>Phone<\/strong>: (505) 2223-1050, Fax: (505) 2223-1050\n\n<iframe style=\"border: 0;\" src=\"https:\/\/www.google.com\/maps\/embed?pb=!1m18!1m12!1m3!1d820.0605570944025!2d-86.26351984375927!3d12.119856300395885!2m3!1f0!2f0!3f0!3m2!1i1024!2i768!4f13.1!3m3!1m2!1s0x8f7155f3bf5a7237%3A0xe3478624148694e2!2sEdificio%20Mina!5e0!3m2!1ses!2sgt!4v1675724365473!5m2!1ses!2sgt\" width=\"600\" height=\"450\" allowfullscreen=\"allowfullscreen\"><\/iframe><\/div>\n\t\t\t\t\t\t\t\t\t<div class=\"elementor-tab-title elementor-tab-mobile-title\" aria-selected=\"false\" data-tab=\"6\" role=\"tab\" tabindex=\"-1\" aria-controls=\"elementor-tab-content-1876\" aria-expanded=\"false\"><img loading=\"lazy\" decoding=\"async\" class=\"alignnone wp-image-682 size-full\" src=\"https:\/\/grupostg.com\/wp-content\/uploads\/2022\/09\/CostaRica.png\" alt=\"\" width=\"57\" height=\"38\" \/>\u00a0 Costa Rica<\/div>\n\t\t\t\t\t<div id=\"elementor-tab-content-1876\" class=\"elementor-tab-content elementor-clearfix\" data-tab=\"6\" role=\"tabpanel\" aria-labelledby=\"elementor-tab-title-1876\" tabindex=\"0\" hidden=\"hidden\"><strong>Technology and Services Group of Central America, SA (Costa Rica)<\/strong>\n\nAddress: Office 6-8, Oficentro Col\u00f3n, (125 East of the Statue of Le\u00f3n Cort\u00e9s, La Sabana Metropolitan Park, Costa Rica CA) Telephone: (506) 2248-1500, Fax: (506) 2248-1483\n\n<iframe style=\"border: 0;\" src=\"https:\/\/www.google.com\/maps\/embed?pb=!1m18!1m12!1m3!1d694.7277987767844!2d-84.0970927803935!3d9.936129449798399!2m3!1f0!2f0!3f0!3m2!1i1024!2i768!4f13.1!3m3!1m2!1s0x8fa0e3542ef10845%3A0xc22176e869297cd0!2sEmbajada%20del%20Reino%20Unido%20de%20Gran%20Breta%C3%B1a%20e%20Irlanda%20del%20Norte!5e0!3m2!1ses!2sgt!4v1675724278318!5m2!1ses!2sgt\" width=\"600\" height=\"450\" allowfullscreen=\"allowfullscreen\"><\/iframe><\/div>\n\t\t\t\t\t\t\t<\/div>\n\t\t<\/div>\n\t\t\t\t\t\t<\/div>\n\t\t\t\t<\/div>\n\t\t\t\t\t<\/div>\n\t\t<\/div>\n\t\t\t\t\t<\/div>\n\t\t<\/section>\n\t\t\t\t<\/div>","protected":false},"excerpt":{"rendered":"<p>Home Contact Contact us Get in touch Make an appointment with our human talent Email info@grupostg.com Holding Grupo STG de Centroam\u00e9rica, Bloc Office Hub, Fifth Floor, Santa Mar\u00eda Commercial District, Panama City, Republic of Panama Telephone (+502) 2381 -1333 Fax: (+502) 2381-1331 Panama Guatemala El Salvador Honduras Nicaragua Costa [\u2026]<\/p>","protected":false},"author":1,"featured_media":0,"parent":0,"menu_order":0,"comment_status":"closed","ping_status":"closed","template":"","meta":{"om_disable_all_campaigns":false,"_monsterinsights_skip_tracking":false,"_monsterinsights_sitenote_active":false,"_monsterinsights_sitenote_note":"","_monsterinsights_sitenote_category":0,"_uf_show_specific_survey":0,"_uf_disable_surveys":false,"footnotes":""},"class_list":["post-764","page","type-page","status-publish","hentry"],"aioseo_notices":[],"_links":{"self":[{"href":"https:\/\/grupostg.com\/en\/wp-json\/wp\/v2\/pages\/764","targetHints":{"allow":["GET"]}}],"collection":[{"href":"https:\/\/grupostg.com\/en\/wp-json\/wp\/v2\/pages"}],"about":[{"href":"https:\/\/grupostg.com\/en\/wp-json\/wp\/v2\/types\/page"}],"author":[{"embeddable":true,"href":"https:\/\/grupostg.com\/en\/wp-json\/wp\/v2\/users\/1"}],"replies":[{"embeddable":true,"href":"https:\/\/grupostg.com\/en\/wp-json\/wp\/v2\/comments?post=764"}],"version-history":[{"count":102,"href":"https:\/\/grupostg.com\/en\/wp-json\/wp\/v2\/pages\/764\/revisions"}],"predecessor-version":[{"id":1458,"href":"https:\/\/grupostg.com\/en\/wp-json\/wp\/v2\/pages\/764\/revisions\/1458"}],"wp:attachment":[{"href":"https:\/\/grupostg.com\/en\/wp-json\/wp\/v2\/media?parent=764"}],"curies":[{"name":"wp","href":"https:\/\/api.w.org\/{rel}","templated":true}]}}