{"id":35,"date":"2016-07-26T00:44:14","date_gmt":"2016-07-26T00:44:14","guid":{"rendered":"http:\/\/192.241.166.73\/?page_id=35"},"modified":"2016-08-04T04:10:37","modified_gmt":"2016-08-04T04:10:37","slug":"grupo-stg","status":"publish","type":"page","link":"https:\/\/grupostg.com\/en\/grupo-stg\/","title":{"rendered":"STG Group"},"content":{"rendered":"<h2><strong>About us<\/strong><\/h2>\n<p><strong>History <\/strong><\/p>\n<p>Grupo STG is made up of 5 companies located in Guatemala, El Salvador, Honduras, Nicaragua and Costa Rica. The first to be founded is STG de Guatemala, SA which was founded in 1988. From the beginning our objective has been to be an integrator of telecommunications projects. Over the years we have represented various product brands (Hughes, Efdata, Optaphone Systems, LGIC, among others).<\/p>\n<p>We currently represent two leading companies in the manufacture of equipment and materials for telecommunications providers, these being Tellabs International Inc. (we have represented them for Guatemala, El Salvador, Honduras, Nicaragua and Costa Rica since 1994) and Andrew\/Commscope Corporation (we are representatives since 1995 in Guatemala, Honduras, El Salvador and Belize).<\/p>\n<p>At Grupo STG, we firmly believe that continuous improvement is key to achieving our organizational objectives, which is why we have evolved by focusing on the delivery and execution of projects, oriented to the needs and requirements of our clients.<\/p>\n<p>&nbsp;<\/p>\n<p>The 24 years of experience are our support when offering telecommunications services and products, with projects from the basic study of a specific need to the complete implementation of the technological solution.<\/p>\n<p>Currently, we have more than 100 collaborators throughout the region, most of whom are professionals in the Engineering area.<em>. STG de Guatemala is part of a group of companies with coverage in the Central American region.<\/em><\/p>\n<p>At the end of 2005, the company Grupo STG de Centro Am\u00e9rica, Inc. was founded, with headquarters in Panama City, and which was born with the main purpose of being the holding company of the group and also serving international STG clients who They are outside of the Central American region.<\/p>\n<p><strong>\u00a0<\/strong><\/p>\n<h2><strong><u>Mission<\/u><\/strong><\/h2>\n<p>Provide our clients with innovative and professional technology solutions.<\/p>\n<h2><strong><u>Vision <\/u><\/strong><\/h2>\n<p>Consolidate Grupo STG as a leading technological innovation company in Central America.<\/p>\n<h2><strong><u>Quality politics <\/u><\/strong><\/h2>\n<p>Grupo STG is a leading company in the technology sector that offers innovative solutions, maintaining the best standards. We work with quality through strategic planning, continuous improvement, professionalism and values of our human capital, for the satisfaction of our clients.<\/p>","protected":false},"excerpt":{"rendered":"<p>\u00bfQui\u00e9nes Somos? Historia Grupo STG est\u00e1 conformado por 5 empresas ubicadas en Guatemala, El Salvador, Honduras, Nicaragua y Costa Rica. La primera en ser fundada es STG de Guatemala, S.A. que se fund\u00f3 en 1988. Desde el inicio nuestro objetivo ha sido ser un integrador de proyectos de telecomunicaciones. A trav\u00e9s de los a\u00f1os hemos [&hellip;]<\/p>\n","protected":false},"author":1,"featured_media":0,"parent":0,"menu_order":0,"comment_status":"closed","ping_status":"closed","template":"","meta":{"om_disable_all_campaigns":false,"_monsterinsights_skip_tracking":false,"_monsterinsights_sitenote_active":false,"_monsterinsights_sitenote_note":"","_monsterinsights_sitenote_category":0,"_uf_show_specific_survey":0,"_uf_disable_surveys":false,"footnotes":""},"class_list":["post-35","page","type-page","status-publish","hentry"],"aioseo_notices":[],"_links":{"self":[{"href":"https:\/\/grupostg.com\/en\/wp-json\/wp\/v2\/pages\/35","targetHints":{"allow":["GET"]}}],"collection":[{"href":"https:\/\/grupostg.com\/en\/wp-json\/wp\/v2\/pages"}],"about":[{"href":"https:\/\/grupostg.com\/en\/wp-json\/wp\/v2\/types\/page"}],"author":[{"embeddable":true,"href":"https:\/\/grupostg.com\/en\/wp-json\/wp\/v2\/users\/1"}],"replies":[{"embeddable":true,"href":"https:\/\/grupostg.com\/en\/wp-json\/wp\/v2\/comments?post=35"}],"version-history":[{"count":5,"href":"https:\/\/grupostg.com\/en\/wp-json\/wp\/v2\/pages\/35\/revisions"}],"predecessor-version":[{"id":180,"href":"https:\/\/grupostg.com\/en\/wp-json\/wp\/v2\/pages\/35\/revisions\/180"}],"wp:attachment":[{"href":"https:\/\/grupostg.com\/en\/wp-json\/wp\/v2\/media?parent=35"}],"curies":[{"name":"wp","href":"https:\/\/api.w.org\/{rel}","templated":true}]}}