{"id":300,"date":"2016-08-10T16:25:55","date_gmt":"2016-08-10T16:25:55","guid":{"rendered":"http:\/\/192.241.166.73\/?page_id=300"},"modified":"2023-02-07T22:02:50","modified_gmt":"2023-02-07T22:02:50","slug":"bienvenido-a-grupo-gts-de-centro-america-s-a","status":"publish","type":"page","link":"https:\/\/grupostg.com\/en\/bienvenido-a-grupo-gts-de-centro-america-s-a\/","title":{"rendered":"Costa Rica"},"content":{"rendered":"<p><strong>Technology and Services Group of Central America, SA (Costa Rica)<\/strong><\/p>\n<p>Address: Office 6-8, Oficentro Col\u00f3n,<\/p>\n<p>(125 East of the Statue of Le\u00f3n Cort\u00e9s, La Sabana Metropolitan Park, Costa Rica CA)<\/p>\n<p>Telephone: (506) 2248-1500, Fax: (506) 2248-1483<\/p>\n<p><iframe style=\"border: 0;\" src=\"https:\/\/www.google.com\/maps\/embed?pb=!1m18!1m12!1m3!1d694.7277987767844!2d-84.0970927803935!3d9.936129449798399!2m3!1f0!2f0!3f0!3m2!1i1024!2i768!4f13.1!3m3!1m2!1s0x8fa0e3542ef10845%3A0xc22176e869297cd0!2sEmbajada%20del%20Reino%20Unido%20de%20Gran%20Breta%C3%B1a%20e%20Irlanda%20del%20Norte!5e0!3m2!1ses!2sgt!4v1675724278318!5m2!1ses!2sgt\" width=\"1200\" height=\"450\" allowfullscreen=\"allowfullscreen\"><\/iframe><\/p>","protected":false},"excerpt":{"rendered":"<p>Grupo Tecnolog\u00eda y Servicios de Centro Am\u00e9rica, SA (Costa Rica) Address: Office 6-8, Oficentro Col\u00f3n, (125 East of the Statue of Le\u00f3n Cort\u00e9s, La Sabana Metropolitan Park, Costa Rica CA) Telephone: (506) 2248-1500 , Fax: (506) 2248-1483<\/p>","protected":false},"author":1,"featured_media":0,"parent":0,"menu_order":0,"comment_status":"closed","ping_status":"closed","template":"","meta":{"om_disable_all_campaigns":false,"_monsterinsights_skip_tracking":false,"_monsterinsights_sitenote_active":false,"_monsterinsights_sitenote_note":"","_monsterinsights_sitenote_category":0,"_uf_show_specific_survey":0,"_uf_disable_surveys":false,"footnotes":""},"class_list":["post-300","page","type-page","status-publish","hentry"],"aioseo_notices":[],"_links":{"self":[{"href":"https:\/\/grupostg.com\/en\/wp-json\/wp\/v2\/pages\/300","targetHints":{"allow":["GET"]}}],"collection":[{"href":"https:\/\/grupostg.com\/en\/wp-json\/wp\/v2\/pages"}],"about":[{"href":"https:\/\/grupostg.com\/en\/wp-json\/wp\/v2\/types\/page"}],"author":[{"embeddable":true,"href":"https:\/\/grupostg.com\/en\/wp-json\/wp\/v2\/users\/1"}],"replies":[{"embeddable":true,"href":"https:\/\/grupostg.com\/en\/wp-json\/wp\/v2\/comments?post=300"}],"version-history":[{"count":8,"href":"https:\/\/grupostg.com\/en\/wp-json\/wp\/v2\/pages\/300\/revisions"}],"predecessor-version":[{"id":1368,"href":"https:\/\/grupostg.com\/en\/wp-json\/wp\/v2\/pages\/300\/revisions\/1368"}],"wp:attachment":[{"href":"https:\/\/grupostg.com\/en\/wp-json\/wp\/v2\/media?parent=300"}],"curies":[{"name":"wp","href":"https:\/\/api.w.org\/{rel}","templated":true}]}}