{"id":246,"date":"2016-08-09T16:05:24","date_gmt":"2016-08-09T16:05:24","guid":{"rendered":"http:\/\/192.241.166.73\/?page_id=246"},"modified":"2023-12-11T17:12:53","modified_gmt":"2023-12-11T23:12:53","slug":"capacitacion","status":"publish","type":"page","link":"https:\/\/grupostg.com\/en\/capacitacion\/","title":{"rendered":"Training"},"content":{"rendered":"<div data-elementor-type=\"wp-page\" data-elementor-id=\"246\" class=\"elementor elementor-246\" data-elementor-post-type=\"page\">\n\t\t\t\t\t\t<section class=\"elementor-section elementor-top-section elementor-element elementor-element-5b43b118 elementor-section-boxed elementor-section-height-default elementor-section-height-default\" data-id=\"5b43b118\" data-element_type=\"section\" data-e-type=\"section\">\n\t\t\t\t\t\t<div class=\"elementor-container elementor-column-gap-default\">\n\t\t\t\t\t<div class=\"elementor-column elementor-col-100 elementor-top-column elementor-element elementor-element-46e887b3\" data-id=\"46e887b3\" data-element_type=\"column\" data-e-type=\"column\">\n\t\t\t<div class=\"elementor-widget-wrap elementor-element-populated\">\n\t\t\t\t\t\t<div class=\"elementor-element elementor-element-6bfa77ee elementor-widget elementor-widget-text-editor\" data-id=\"6bfa77ee\" data-element_type=\"widget\" data-e-type=\"widget\" data-widget_type=\"text-editor.default\">\n\t\t\t\t<div class=\"elementor-widget-container\">\n\t\t\t\t\t\t\t\t\t<div class=\"\u201cscroll&quot;\"><h5>Introduction to Networks and Telecommunications<\/h5><h5>IP\/MPLS, PDH\/SDH, DWDM<\/h5><h5>PM oriented to Telecommunications<\/h5><h5>Laboratory for practices of different Technologies<\/h5><\/div><div class=\"img2\"><a href=\"https:\/\/grupostg.com\/en\/logistica\/\"><br \/><img decoding=\"async\" class=\"alignnone wp-image-329\" src=\"https:\/\/grupostg.com\/wp-content\/uploads\/2016\/07\/Logistica-celeste-300x197.png\" alt=\"rf-wireless\" width=\"230\" height=\"151\" \/><br \/><\/a><\/div><div class=\"img2\"><a href=\"https:\/\/grupostg.com\/en\/implementacion-de-proyectos\/\"><br \/><img decoding=\"async\" class=\"alignnone wp-image-330\" src=\"https:\/\/grupostg.com\/wp-content\/uploads\/2016\/07\/Proyectos-celeste-300x197.png\" alt=\"coremovil\" width=\"230\" height=\"151\" \/><br \/><\/a><\/div><div class=\"img2\"><a href=\"https:\/\/grupostg.com\/en\/soporte-tecnico\/\"><br \/><img decoding=\"async\" class=\"alignnone wp-image-332\" src=\"https:\/\/grupostg.com\/wp-content\/uploads\/2016\/07\/Soporte-celeste-300x197.png\" alt=\"seguridad\" width=\"230\" height=\"151\" \/><br \/><\/a><\/div><div class=\"img2\"><a href=\"https:\/\/grupostg.com\/en\/servicios-profesionales\/\"><br \/><img loading=\"lazy\" decoding=\"async\" class=\"alignnone wp-image-331\" src=\"https:\/\/grupostg.com\/wp-content\/uploads\/2016\/07\/Servicios-profesionales-celeste-300x197.png\" alt=\"monetizacion\" width=\"230\" height=\"151\" \/><br \/><\/a><\/div><div class=\"img2\"><a href=\"https:\/\/grupostg.com\/en\/capacitacion\/\"><br \/><img loading=\"lazy\" decoding=\"async\" class=\"alignnone wp-image-327\" src=\"https:\/\/grupostg.com\/wp-content\/uploads\/2016\/07\/Capacitaci\u00f3n-celeste-300x197.png\" alt=\"transmision\" width=\"230\" height=\"151\" \/><br \/><\/a><\/div>\t\t\t\t\t\t\t\t<\/div>\n\t\t\t\t<\/div>\n\t\t\t\t<div class=\"elementor-element elementor-element-c746b46 elementor-widget elementor-widget-heading\" data-id=\"c746b46\" data-element_type=\"widget\" data-e-type=\"widget\" data-widget_type=\"heading.default\">\n\t\t\t\t<div class=\"elementor-widget-container\">\n\t\t\t\t\t<h2 class=\"elementor-heading-title elementor-size-default\">Certifications<\/h2>\t\t\t\t<\/div>\n\t\t\t\t<\/div>\n\t\t\t\t<div class=\"elementor-element elementor-element-d66e4a0 elementor-widget elementor-widget-text-editor\" data-id=\"d66e4a0\" data-element_type=\"widget\" data-e-type=\"widget\" data-widget_type=\"text-editor.default\">\n\t\t\t\t<div class=\"elementor-widget-container\">\n\t\t\t\t\t\t\t\t\t<h5>Somos la puerta de acceso a un mundo de oportunidades profesionales mediante nuestras certificaciones de vanguardia. Para ello te podemos brindar certificaciones l\u00edderes en tecnolog\u00eda, abarcando \u00e1reas cr\u00edticas como ciberseguridad, infraestructura y nube, ciencia de datos, programaci\u00f3n, redes, gesti\u00f3n de proyectos, y metodolog\u00edas \u00e1giles como SCRUM. Seguimos rigurosos est\u00e1ndares internacionales como ISO para asegurar la excelencia y relevancia de nuestras certificaciones. Ya sea que est\u00e9s buscando fortalecer tus habilidades t\u00e9cnicas o avanzar en tu carrera, con nosotros encontrar\u00e1s el camino hacia el \u00e9xito profesional certificado. Colaboramos con prestigiosos entes certificadores como:<u><\/u><u><\/u><\/h5><h4 style=\"text-align: center;\">CompTIA,<\/h4><h4 style=\"text-align: center;\">Certiport,\u00a0<\/h4><h4 style=\"text-align: center;\"><u><\/u>Certmind,<u><\/u><u><\/u><\/h4><h4 style=\"text-align: center;\">Microsoft<\/h4><div class=\"\u201cscroll&quot;\"><h5>\u00a0<\/h5><\/div>\t\t\t\t\t\t\t\t<\/div>\n\t\t\t\t<\/div>\n\t\t\t\t<div class=\"elementor-element elementor-element-0527080 elementor-widget elementor-widget-spacer\" data-id=\"0527080\" data-element_type=\"widget\" data-e-type=\"widget\" data-widget_type=\"spacer.default\">\n\t\t\t\t<div class=\"elementor-widget-container\">\n\t\t\t\t\t\t\t<div class=\"elementor-spacer\">\n\t\t\t<div class=\"elementor-spacer-inner\"><\/div>\n\t\t<\/div>\n\t\t\t\t\t\t<\/div>\n\t\t\t\t<\/div>\n\t\t\t\t\t<\/div>\n\t\t<\/div>\n\t\t\t\t\t<\/div>\n\t\t<\/section>\n\t\t\t\t<\/div>","protected":false},"excerpt":{"rendered":"<p>Introducci\u00f3n a Redes y Telecomunicaciones IP\/MPLS, PDH\/SDH, DWDM PM orientado a Telecomunicaciones Laboratorio para pr\u00e1cticas de diferentes Tecnolog\u00edas Certificaciones Somos la puerta de acceso a un mundo de oportunidades profesionales mediante nuestras certificaciones de vanguardia. Para ello te podemos brindar certificaciones l\u00edderes en tecnolog\u00eda, abarcando \u00e1reas cr\u00edticas como ciberseguridad, infraestructura y nube, ciencia de datos, [&hellip;]<\/p>\n","protected":false},"author":1,"featured_media":0,"parent":0,"menu_order":0,"comment_status":"closed","ping_status":"closed","template":"","meta":{"om_disable_all_campaigns":false,"_monsterinsights_skip_tracking":false,"_monsterinsights_sitenote_active":false,"_monsterinsights_sitenote_note":"","_monsterinsights_sitenote_category":0,"_uf_show_specific_survey":0,"_uf_disable_surveys":false,"footnotes":""},"class_list":["post-246","page","type-page","status-publish","hentry"],"aioseo_notices":[],"_links":{"self":[{"href":"https:\/\/grupostg.com\/en\/wp-json\/wp\/v2\/pages\/246","targetHints":{"allow":["GET"]}}],"collection":[{"href":"https:\/\/grupostg.com\/en\/wp-json\/wp\/v2\/pages"}],"about":[{"href":"https:\/\/grupostg.com\/en\/wp-json\/wp\/v2\/types\/page"}],"author":[{"embeddable":true,"href":"https:\/\/grupostg.com\/en\/wp-json\/wp\/v2\/users\/1"}],"replies":[{"embeddable":true,"href":"https:\/\/grupostg.com\/en\/wp-json\/wp\/v2\/comments?post=246"}],"version-history":[{"count":7,"href":"https:\/\/grupostg.com\/en\/wp-json\/wp\/v2\/pages\/246\/revisions"}],"predecessor-version":[{"id":1492,"href":"https:\/\/grupostg.com\/en\/wp-json\/wp\/v2\/pages\/246\/revisions\/1492"}],"wp:attachment":[{"href":"https:\/\/grupostg.com\/en\/wp-json\/wp\/v2\/media?parent=246"}],"curies":[{"name":"wp","href":"https:\/\/api.w.org\/{rel}","templated":true}]}}