{"id":244,"date":"2016-08-09T16:05:04","date_gmt":"2016-08-09T16:05:04","guid":{"rendered":"http:\/\/192.241.166.73\/?page_id=244"},"modified":"2016-09-05T06:59:05","modified_gmt":"2016-09-05T06:59:05","slug":"servicios-profesionales","status":"publish","type":"page","link":"https:\/\/grupostg.com\/en\/servicios-profesionales\/","title":{"rendered":"Professional services"},"content":{"rendered":"<div class=\"scroll\">\n<h5><img fetchpriority=\"high\" decoding=\"async\" class=\"alignnone wp-image-474 alignright\" src=\"https:\/\/grupostg.com\/wp-content\/uploads\/2016\/08\/STG-BEST-SERVICE-300x300.jpg\" alt=\"STG BEST SERVICE\" width=\"400\" height=\"400\" srcset=\"https:\/\/grupostg.com\/wp-content\/uploads\/2016\/08\/STG-BEST-SERVICE-300x300.jpg 300w, https:\/\/grupostg.com\/wp-content\/uploads\/2016\/08\/STG-BEST-SERVICE-150x150.jpg 150w, https:\/\/grupostg.com\/wp-content\/uploads\/2016\/08\/STG-BEST-SERVICE-270x270.jpg 270w, https:\/\/grupostg.com\/wp-content\/uploads\/2016\/08\/STG-BEST-SERVICE-230x230.jpg 230w, https:\/\/grupostg.com\/wp-content\/uploads\/2016\/08\/STG-BEST-SERVICE.jpg 650w\" sizes=\"(max-width: 400px) 100vw, 400px\" \/><br \/>\nNetwork Audit and Optimization<\/h5>\n<h5>Consulting for the continuity of the operation<\/h5>\n<h5>Network and Services Certification (RFC2544)<\/h5>\n<h5>Characterization of FO, VER, OSA, Y.1564)<\/h5>\n<h5>Network Synchronization<\/h5>\n<h5>Engineering services<\/h5>\n<ul>\n<li>Assistance to the operation<\/li>\n<li>Migration of services and technology<\/li>\n<li>Standardization and automation<\/li>\n<\/ul>\n<\/div>\n<div class=\"img2\"><a href=\"https:\/\/grupostg.com\/en\/logistica\/\"><br \/>\n<img decoding=\"async\" class=\"alignnone wp-image-329\" src=\"https:\/\/grupostg.com\/wp-content\/uploads\/2016\/07\/Logistica-celeste-300x197.png\" alt=\"rf-wireless\" width=\"230\" height=\"151\" \/><br \/>\n<\/a><\/div>\n<div class=\"img2\"><a href=\"https:\/\/grupostg.com\/en\/implementacion-de-proyectos\/\"><br \/>\n<img decoding=\"async\" class=\"alignnone wp-image-330\" src=\"https:\/\/grupostg.com\/wp-content\/uploads\/2016\/07\/Proyectos-celeste-300x197.png\" alt=\"coremovil\" width=\"230\" height=\"151\" \/><br \/>\n<\/a><\/div>\n<div class=\"img2\"><a href=\"https:\/\/grupostg.com\/en\/soporte-tecnico\/\"><br \/>\n<img loading=\"lazy\" decoding=\"async\" class=\"alignnone wp-image-332\" src=\"https:\/\/grupostg.com\/wp-content\/uploads\/2016\/07\/Soporte-celeste-300x197.png\" alt=\"seguridad\" width=\"230\" height=\"151\" \/><br \/>\n<\/a><\/div>\n<div class=\"img2\"><a href=\"https:\/\/grupostg.com\/en\/servicios-profesionales\/\"><br \/>\n<img loading=\"lazy\" decoding=\"async\" class=\"alignnone wp-image-331\" src=\"https:\/\/grupostg.com\/wp-content\/uploads\/2016\/07\/Servicios-profesionales-celeste-300x197.png\" alt=\"monetizacion\" width=\"230\" height=\"151\" \/><br \/>\n<\/a><\/div>\n<div class=\"img2\"><a href=\"https:\/\/grupostg.com\/en\/capacitacion\/\"><br \/>\n<img loading=\"lazy\" decoding=\"async\" class=\"alignnone wp-image-327\" src=\"https:\/\/grupostg.com\/wp-content\/uploads\/2016\/07\/Capacitaci\u00f3n-celeste-300x197.png\" alt=\"transmision\" width=\"230\" height=\"151\" \/><br \/>\n<\/a><\/div>","protected":false},"excerpt":{"rendered":"<p>Auditor\u00eda y Optimizaci\u00f3n de red Consultor\u00eda para la continuidad de la operaci\u00f3n Certificaci\u00f3n de Redes y Servicios (RFC2544) Caracterizaci\u00f3n de FO, VER, OSA, Y.1564) Sincron\u00eda de la Red Servicios de Ingenier\u00eda Asistencia a la operaci\u00f3n Migraci\u00f3n de servicios y tecnolog\u00eda Estandarizaci\u00f3n y automatizaci\u00f3n<\/p>","protected":false},"author":1,"featured_media":0,"parent":0,"menu_order":0,"comment_status":"closed","ping_status":"closed","template":"","meta":{"om_disable_all_campaigns":false,"_monsterinsights_skip_tracking":false,"_monsterinsights_sitenote_active":false,"_monsterinsights_sitenote_note":"","_monsterinsights_sitenote_category":0,"_uf_show_specific_survey":0,"_uf_disable_surveys":false,"footnotes":""},"class_list":["post-244","page","type-page","status-publish","hentry"],"aioseo_notices":[],"_links":{"self":[{"href":"https:\/\/grupostg.com\/en\/wp-json\/wp\/v2\/pages\/244","targetHints":{"allow":["GET"]}}],"collection":[{"href":"https:\/\/grupostg.com\/en\/wp-json\/wp\/v2\/pages"}],"about":[{"href":"https:\/\/grupostg.com\/en\/wp-json\/wp\/v2\/types\/page"}],"author":[{"embeddable":true,"href":"https:\/\/grupostg.com\/en\/wp-json\/wp\/v2\/users\/1"}],"replies":[{"embeddable":true,"href":"https:\/\/grupostg.com\/en\/wp-json\/wp\/v2\/comments?post=244"}],"version-history":[{"count":11,"href":"https:\/\/grupostg.com\/en\/wp-json\/wp\/v2\/pages\/244\/revisions"}],"predecessor-version":[{"id":648,"href":"https:\/\/grupostg.com\/en\/wp-json\/wp\/v2\/pages\/244\/revisions\/648"}],"wp:attachment":[{"href":"https:\/\/grupostg.com\/en\/wp-json\/wp\/v2\/media?parent=244"}],"curies":[{"name":"wp","href":"https:\/\/api.w.org\/{rel}","templated":true}]}}