{"id":225,"date":"2016-08-04T16:58:58","date_gmt":"2016-08-04T16:58:58","guid":{"rendered":"http:\/\/192.241.166.73\/?page_id=225"},"modified":"2016-09-05T05:58:48","modified_gmt":"2016-09-05T05:58:48","slug":"seguridad-y-monitoreo-2","status":"publish","type":"page","link":"https:\/\/grupostg.com\/en\/seguridad-y-monitoreo-2\/","title":{"rendered":"Security and Monitoring"},"content":{"rendered":"<div class=\"scroll\">\n<h2><img fetchpriority=\"high\" decoding=\"async\" class=\"alignnone  wp-image-453 alignright\" src=\"https:\/\/grupostg.com\/wp-content\/uploads\/2016\/08\/SEGURIDAD_NEWNET-300x192.jpg\" alt=\"SEGURIDAD_NEWNET\" width=\"500\" height=\"320\" srcset=\"https:\/\/grupostg.com\/wp-content\/uploads\/2016\/08\/SEGURIDAD_NEWNET-300x192.jpg 300w, https:\/\/grupostg.com\/wp-content\/uploads\/2016\/08\/SEGURIDAD_NEWNET-768x492.jpg 768w, https:\/\/grupostg.com\/wp-content\/uploads\/2016\/08\/SEGURIDAD_NEWNET-1024x655.jpg 1024w, https:\/\/grupostg.com\/wp-content\/uploads\/2016\/08\/SEGURIDAD_NEWNET.jpg 2000w\" sizes=\"(max-width: 500px) 100vw, 500px\" \/>transactional encryption<\/h2>\n<p><strong>\u00a0<\/strong>Merchants, financial institutions, and payment processors require secure, high-performance network solutions for the transport of data from POS systems, payment cards, mobile payment, and electronic commerce (ecommerce).<\/p>\n<p>Transporte de una transacci\u00f3n fiable y escalable, sistemas de <em>\u201c<\/em>Switching<em>\u201d<\/em> y <em>\u201c<\/em>Routing<em>\u201d<\/em> que agilizan las transacciones, autorizaciones de tarjetas de cr\u00e9dito, transferencias monetarias, transferencias electr\u00f3nicas y otras comunicaciones.<\/p>\n<p>HTTPS and SSL TRANSACTION ROUTING for POS systems<\/p>\n<h2><strong>Encryption server: (Transkrypt)<br \/>\n<\/strong><\/h2>\n<p>The encryption of data from POS terminals \/ payment devices, certified review of POS devices and generation of transactional Tokens to cardholders.<\/p>\n<p>Transkrypt P2PE Bi-directional.<\/p>\n<h2><strong>Accounting and network administrator<\/strong><\/h2>\n<p>Reportes en tiempo real y gesti\u00f3n administrativa del transporte y seguridad de los datos entre los POS y los servidores de procesamiento. Tambi\u00e9n permite realizar un seguimiento de los datos para la faturaci\u00f3n y auditor\u00eda.<\/p>\n<ul>\n<li>fiber monitoring<\/li>\n<li>Supervision of fibers in real time.<\/li>\n<li>Reduces response time when a failure occurs.<\/li>\n<li>Increased productivity and performance of the optical network.<img decoding=\"async\" class=\"alignnone wp-image-455 alignright\" src=\"https:\/\/grupostg.com\/wp-content\/uploads\/2016\/08\/MONITOREO_ADVA-ALM-300x143.jpg\" alt=\"MONITOREO_ADVA ALM\" width=\"499\" height=\"238\" srcset=\"https:\/\/grupostg.com\/wp-content\/uploads\/2016\/08\/MONITOREO_ADVA-ALM-300x143.jpg 300w, https:\/\/grupostg.com\/wp-content\/uploads\/2016\/08\/MONITOREO_ADVA-ALM-768x366.jpg 768w, https:\/\/grupostg.com\/wp-content\/uploads\/2016\/08\/MONITOREO_ADVA-ALM-1024x488.jpg 1024w, https:\/\/grupostg.com\/wp-content\/uploads\/2016\/08\/MONITOREO_ADVA-ALM.jpg 1341w\" sizes=\"(max-width: 499px) 100vw, 499px\" \/><\/li>\n<\/ul>\n<p>El sistema de control remoto de fibra \u00f3ptica es una herramienta clave para cualquier operador de red que busca garantizar el rendimiento y la integridad de la infraestructura de fibra \u00f3ptica. Adem\u00e1s de reducir los tiempos de servicio para satisfacer las necesidades del cliente, el sistema proporciona un nivel adicional de detecci\u00f3n de intrusiones contra la amenaza de robo de datos que afectan a las redes hoy en d\u00eda.<\/p>\n<ul>\n<li>Remote monitoring of 32 individual fiber links per 1 rack unit.<\/li>\n<li>Accuracy in locating a fault providing fast service performance.<\/li>\n<li>Configuraci\u00f3n sencilla <em>\u201c<\/em>plug-and-play<em>\u201d<\/em> y escalable mientras la red va creciendo.<\/li>\n<\/ul>\n<\/div>\n<div class=\"img\"><a href=\"https:\/\/grupostg.com\/en\/transmision-2\/\"><br \/>\n<img decoding=\"async\" class=\"alignnone wp-image-327\" src=\"https:\/\/grupostg.com\/wp-content\/uploads\/2016\/07\/Transporte-\u00f3ptico.png\" alt=\"transmision\" width=\"149\" height=\"98\" \/><br \/>\n<\/a><\/div>\n<div class=\"img\"><a href=\"http:\/\/es.commscope.com\/\" target=\"_blank\"><br \/>\n<img loading=\"lazy\" decoding=\"async\" class=\"alignnone wp-image-329\" src=\"https:\/\/grupostg.com\/wp-content\/uploads\/2016\/08\/RF-wireless.png\" alt=\"rf-wireless\" width=\"149\" height=\"98\" \/><br \/>\n<\/a><\/div>\n<div class=\"img\"><a href=\"https:\/\/grupostg.com\/en\/core-movil-2\/\"><br \/>\n<img loading=\"lazy\" decoding=\"async\" class=\"alignnone wp-image-330\" src=\"https:\/\/grupostg.com\/wp-content\/uploads\/2016\/07\/Core-M\u00f3vil.png\" alt=\"coremovil\" width=\"149\" height=\"98\" \/><br \/>\n<\/a><\/div>\n<div class=\"img\"><a href=\"https:\/\/grupostg.com\/en\/monetizacion-2\/\"><br \/>\n<img loading=\"lazy\" decoding=\"async\" class=\"alignnone wp-image-331\" src=\"https:\/\/grupostg.com\/wp-content\/uploads\/2016\/07\/Monetizaci\u00f3n.png\" alt=\"monetizacion\" width=\"149\" height=\"98\" \/><br \/>\n<\/a><\/div>\n<div class=\"img\"><a href=\"https:\/\/grupostg.com\/en\/seguridad-y-monitoreo-2\/\"><br \/>\n<img loading=\"lazy\" decoding=\"async\" class=\"alignnone wp-image-332\" src=\"https:\/\/grupostg.com\/wp-content\/uploads\/2016\/07\/Seguridad-y-monitoreo.png\" alt=\"seguridad\" width=\"149\" height=\"98\" \/><br \/>\n<\/a><\/div>\n<div class=\"img\"><a href=\"https:\/\/grupostg.com\/en\/servicios\/\"><br \/>\n<img loading=\"lazy\" decoding=\"async\" class=\"alignnone wp-image-333\" src=\"https:\/\/grupostg.com\/wp-content\/uploads\/2016\/07\/servicios-3.png\" alt=\"servicios\" width=\"149\" height=\"98\" \/><br \/>\n<\/a><\/div>","protected":false},"excerpt":{"rendered":"<p>Cifrado transaccional \u00a0Comerciantes, entidades financieras, y procesadores de pagos requieren soluciones de red seguras y de alto rendimiento para el transporte de datos de los sistemas POS, tarjetas de pago, pago m\u00f3vil y comercio electr\u00f3nico (ecommerce). Transporte de una transacci\u00f3n fiable y escalable, sistemas de \u201cSwitching\u201d y \u201cRouting\u201d que agilizan las transacciones, autorizaciones de tarjetas [&hellip;]<\/p>\n","protected":false},"author":1,"featured_media":0,"parent":0,"menu_order":0,"comment_status":"closed","ping_status":"closed","template":"","meta":{"om_disable_all_campaigns":false,"_monsterinsights_skip_tracking":false,"_monsterinsights_sitenote_active":false,"_monsterinsights_sitenote_note":"","_monsterinsights_sitenote_category":0,"_uf_show_specific_survey":0,"_uf_disable_surveys":false,"footnotes":""},"class_list":["post-225","page","type-page","status-publish","hentry"],"aioseo_notices":[],"_links":{"self":[{"href":"https:\/\/grupostg.com\/en\/wp-json\/wp\/v2\/pages\/225","targetHints":{"allow":["GET"]}}],"collection":[{"href":"https:\/\/grupostg.com\/en\/wp-json\/wp\/v2\/pages"}],"about":[{"href":"https:\/\/grupostg.com\/en\/wp-json\/wp\/v2\/types\/page"}],"author":[{"embeddable":true,"href":"https:\/\/grupostg.com\/en\/wp-json\/wp\/v2\/users\/1"}],"replies":[{"embeddable":true,"href":"https:\/\/grupostg.com\/en\/wp-json\/wp\/v2\/comments?post=225"}],"version-history":[{"count":13,"href":"https:\/\/grupostg.com\/en\/wp-json\/wp\/v2\/pages\/225\/revisions"}],"predecessor-version":[{"id":601,"href":"https:\/\/grupostg.com\/en\/wp-json\/wp\/v2\/pages\/225\/revisions\/601"}],"wp:attachment":[{"href":"https:\/\/grupostg.com\/en\/wp-json\/wp\/v2\/media?parent=225"}],"curies":[{"name":"wp","href":"https:\/\/api.w.org\/{rel}","templated":true}]}}