{"id":221,"date":"2016-08-04T16:57:45","date_gmt":"2016-08-04T16:57:45","guid":{"rendered":"http:\/\/192.241.166.73\/?page_id=221"},"modified":"2016-09-05T06:06:39","modified_gmt":"2016-09-05T06:06:39","slug":"monetizacion-2","status":"publish","type":"page","link":"https:\/\/grupostg.com\/en\/monetizacion-2\/","title":{"rendered":"Monetizaci\u00f3n"},"content":{"rendered":"<div class=\"scroll\">\n<h2><strong>Contenido y Ads<img fetchpriority=\"high\" decoding=\"async\" class=\"alignnone wp-image-461 alignright\" src=\"https:\/\/grupostg.com\/wp-content\/uploads\/2016\/08\/MONETIZACI\u2021N_CLOUDBANTER-300x149.jpg\" alt=\"MONETIZACI\u2021N_CLOUDBANTER\" width=\"499\" height=\"248\" srcset=\"https:\/\/grupostg.com\/wp-content\/uploads\/2016\/08\/MONETIZACI\u2021N_CLOUDBANTER-300x149.jpg 300w, https:\/\/grupostg.com\/wp-content\/uploads\/2016\/08\/MONETIZACI\u2021N_CLOUDBANTER-768x382.jpg 768w, https:\/\/grupostg.com\/wp-content\/uploads\/2016\/08\/MONETIZACI\u2021N_CLOUDBANTER-1024x509.jpg 1024w, https:\/\/grupostg.com\/wp-content\/uploads\/2016\/08\/MONETIZACI\u2021N_CLOUDBANTER.jpg 1285w\" sizes=\"(max-width: 499px) 100vw, 499px\" \/> <\/strong><\/h2>\n<p>Inserta contenido y Ads en tiempo real de forma personalizada y no-intrusiva dentro de las conversaciones de mensajer\u00eda SMS\/Text utilizando un \u201cbanner\u201d publicitario dando una fuente adicional de ingresos al operador.<\/p>\n<p>Adem\u00e1s permite la integraci\u00f3n de mensajer\u00eda con redes sociales<\/p>\n<h2><\/h2>\n<h2><strong>Administraci\u00f3n de Geo Contenido<\/strong><\/h2>\n<p>Soluciones de marketing m\u00f3viles y din\u00e1micas que ofrecen una combinaci\u00f3n exclusiva de geo-contenido en tiempo real.<\/p>\n<h2><\/h2>\n<h2><strong><img decoding=\"async\" class=\"wp-image-464 alignright\" src=\"https:\/\/grupostg.com\/wp-content\/uploads\/2016\/08\/GEOCONTENIDO_KITEWALK-300x169.jpg\" alt=\"GEOCONTENIDO_KITEWALK\" width=\"499\" height=\"281\" srcset=\"https:\/\/grupostg.com\/wp-content\/uploads\/2016\/08\/GEOCONTENIDO_KITEWALK-300x169.jpg 300w, https:\/\/grupostg.com\/wp-content\/uploads\/2016\/08\/GEOCONTENIDO_KITEWALK-768x432.jpg 768w, https:\/\/grupostg.com\/wp-content\/uploads\/2016\/08\/GEOCONTENIDO_KITEWALK-1024x576.jpg 1024w, https:\/\/grupostg.com\/wp-content\/uploads\/2016\/08\/GEOCONTENIDO_KITEWALK.jpg 1920w\" sizes=\"(max-width: 499px) 100vw, 499px\" \/>Cat\u00e1logos din\u00e1micos<\/strong><\/h2>\n<p>Dise\u00f1ador de jardines, creador de piscinas, constructor, jefe de proyecto: \u00bfqu\u00e9 tal una visita guiada de tus casas, jardines, piscinas y proyectos hecha a medida para tus clientes? Las aplicaciones de geo-contenido funcionan como cat\u00e1logos din\u00e1micos de tu trabajo &#8211; te permitir\u00e1n mostrar tus realizaciones en un clic y dirigir\u00e1n a tus clientes para que vean por s\u00ed mismos. \u00bfSe puede imaginar una mejor tarjeta de visita?<\/p>\n<h2><strong>APPS para ciudades<br \/>\n<\/strong><\/h2>\n<p>La respuesta ideal a las necesidades de comunicaci\u00f3n sencilla y eficaz que nuestras ciudades tienen con sus ciudadanos y turistas. Usando la plataforma de comunicaci\u00f3n de nuestra soluci\u00f3n, las ciudades son capaces de publicar informaci\u00f3n sobre exposiciones, conciertos, encuentros culturales, eventos deportivos, etc. Las APPS son audio-gu\u00edas perfectas para ayudarnos a descubrir &#8211; en tiempo real y en lugar real &#8211; todo lo que nuestras ciudades nos ofrecen.<\/p>\n<h2><strong>APPS para comunidades<\/strong><\/h2>\n<p>Asociaciones de comerciantes, redes de voluntariado, organizaciones de soporte: Nuestras soluciones permiten a tu comunidad mantener el contacto entre sus miembros y localizar sus actividades v\u00eda geogr\u00e1fica. \u00bfQu\u00e9 tiendas locales tienen hoy mensajes especiales que aportar a los habitantes del barrio? \u00bfQu\u00e9 bomberos, operadores, o donantes de sangre estar\u00e1n hoy localizables en caso de emergencia?<\/p>\n<\/div>\n<div class=\"img\"><a href=\"https:\/\/grupostg.com\/en\/transmision-2\/\"><br \/>\n<img decoding=\"async\" class=\"alignnone wp-image-327\" src=\"https:\/\/grupostg.com\/wp-content\/uploads\/2016\/07\/Transporte-\u00f3ptico.png\" alt=\"transmision\" width=\"149\" height=\"98\" \/><br \/>\n<\/a><\/div>\n<div class=\"img\"><a href=\"http:\/\/es.commscope.com\/\" target=\"_blank\"><br \/>\n<img loading=\"lazy\" decoding=\"async\" class=\"alignnone wp-image-329\" src=\"https:\/\/grupostg.com\/wp-content\/uploads\/2016\/08\/RF-wireless.png\" alt=\"rf-wireless\" width=\"149\" height=\"98\" \/><br \/>\n<\/a><\/div>\n<div class=\"img\"><a href=\"https:\/\/grupostg.com\/en\/core-movil-2\/\"><br \/>\n<img loading=\"lazy\" decoding=\"async\" class=\"alignnone wp-image-330\" src=\"https:\/\/grupostg.com\/wp-content\/uploads\/2016\/07\/Core-M\u00f3vil.png\" alt=\"coremovil\" width=\"149\" height=\"98\" \/><br \/>\n<\/a><\/div>\n<div class=\"img\"><a href=\"https:\/\/grupostg.com\/en\/monetizacion-2\/\"><br \/>\n<img loading=\"lazy\" decoding=\"async\" class=\"alignnone wp-image-331\" src=\"https:\/\/grupostg.com\/wp-content\/uploads\/2016\/07\/Monetizaci\u00f3n.png\" alt=\"monetizacion\" width=\"149\" height=\"98\" \/><br \/>\n<\/a><\/div>\n<div class=\"img\"><a href=\"https:\/\/grupostg.com\/en\/seguridad-y-monitoreo-2\/\"><br \/>\n<img loading=\"lazy\" decoding=\"async\" class=\"alignnone wp-image-332\" src=\"https:\/\/grupostg.com\/wp-content\/uploads\/2016\/07\/Seguridad-y-monitoreo.png\" alt=\"seguridad\" width=\"149\" height=\"98\" \/><br \/>\n<\/a><\/div>\n<div class=\"img\"><a href=\"https:\/\/grupostg.com\/en\/servicios\/\"><br \/>\n<img loading=\"lazy\" decoding=\"async\" class=\"alignnone wp-image-333\" src=\"https:\/\/grupostg.com\/wp-content\/uploads\/2016\/07\/servicios-3.png\" alt=\"servicios\" width=\"149\" height=\"98\" \/><br \/>\n<\/a><\/div>","protected":false},"excerpt":{"rendered":"<p>Contenido y Ads Inserta contenido y Ads en tiempo real de forma personalizada y no-intrusiva dentro de las conversaciones de mensajer\u00eda SMS\/Text utilizando un \u201cbanner\u201d publicitario dando una fuente adicional de ingresos al operador. Adem\u00e1s permite la integraci\u00f3n de mensajer\u00eda con redes sociales Administraci\u00f3n de Geo Contenido Soluciones de marketing m\u00f3viles y din\u00e1micas que ofrecen [&hellip;]<\/p>\n","protected":false},"author":1,"featured_media":0,"parent":0,"menu_order":0,"comment_status":"closed","ping_status":"closed","template":"","meta":{"om_disable_all_campaigns":false,"_monsterinsights_skip_tracking":false,"_monsterinsights_sitenote_active":false,"_monsterinsights_sitenote_note":"","_monsterinsights_sitenote_category":0,"_uf_show_specific_survey":0,"_uf_disable_surveys":false,"footnotes":""},"class_list":["post-221","page","type-page","status-publish","hentry"],"aioseo_notices":[],"_links":{"self":[{"href":"https:\/\/grupostg.com\/en\/wp-json\/wp\/v2\/pages\/221","targetHints":{"allow":["GET"]}}],"collection":[{"href":"https:\/\/grupostg.com\/en\/wp-json\/wp\/v2\/pages"}],"about":[{"href":"https:\/\/grupostg.com\/en\/wp-json\/wp\/v2\/types\/page"}],"author":[{"embeddable":true,"href":"https:\/\/grupostg.com\/en\/wp-json\/wp\/v2\/users\/1"}],"replies":[{"embeddable":true,"href":"https:\/\/grupostg.com\/en\/wp-json\/wp\/v2\/comments?post=221"}],"version-history":[{"count":12,"href":"https:\/\/grupostg.com\/en\/wp-json\/wp\/v2\/pages\/221\/revisions"}],"predecessor-version":[{"id":608,"href":"https:\/\/grupostg.com\/en\/wp-json\/wp\/v2\/pages\/221\/revisions\/608"}],"wp:attachment":[{"href":"https:\/\/grupostg.com\/en\/wp-json\/wp\/v2\/media?parent=221"}],"curies":[{"name":"wp","href":"https:\/\/api.w.org\/{rel}","templated":true}]}}