{"id":213,"date":"2016-08-04T16:55:28","date_gmt":"2016-08-04T16:55:28","guid":{"rendered":"http:\/\/192.241.166.73\/?page_id=213"},"modified":"2016-09-05T05:45:04","modified_gmt":"2016-09-05T05:45:04","slug":"transporte-optico-2","status":"publish","type":"page","link":"https:\/\/grupostg.com\/en\/transporte-optico-2\/","title":{"rendered":"optical transport"},"content":{"rendered":"<div class=\"scroll\">\n<h2><strong><img fetchpriority=\"high\" decoding=\"async\" class=\"alignnone wp-image-427 alignright\" src=\"https:\/\/grupostg.com\/wp-content\/uploads\/2016\/08\/TRANSMISION-300x119.jpg\" alt=\"TRANSMISION\" width=\"466\" height=\"185\" srcset=\"https:\/\/grupostg.com\/wp-content\/uploads\/2016\/08\/TRANSMISION-300x119.jpg 300w, https:\/\/grupostg.com\/wp-content\/uploads\/2016\/08\/TRANSMISION.jpg 702w\" sizes=\"(max-width: 466px) 100vw, 466px\" \/>IP Backhaul<\/strong><\/h2>\n<p>Optimize network performance with a wide range of solutions tailored to specific transport needs, including IP\/MPLS, MPLS-TP, and Carrier Ethernet Backhaul.<\/p>\n<p>IP\/MPLS Backhaul from 3Gbps to 1.2 Tbps for aggregation nodes and cells.<\/p>\n<p>Carrier-Ethernet and multi-service MPLS-TP Switches.<\/p>\n<p>Synchronization via GNSS (GPS) SFP, IEEE 1588v2, SyncE, ACR, and Legacy TDM.<\/p>\n<h2><strong>DWDM<\/strong><\/h2>\n<h2><strong>Fixed Optical Networks (FOADM)<\/strong><\/h2>\n<p>4, 8, 16, 44 channel systems with various TDM, Ethernet and broadband applications.<\/p>\n<h2><strong>ROADDM<\/strong><\/h2>\n<p>Dynamic systems of 44, 88, 96 channels.<\/p>\n<p>LAMBDA of 10, 40, 100 and 200 Gbps.<\/p>\n<p>TDM, Ethernet, OTN, Packet optical applications.<\/p>\n<h2><strong>Data Center Interconnection (P2P)<\/strong><\/h2>\n<p>High availability systems for 10 and 100 Gbps channels<\/p>\n<h2><strong>ASON \/ GMPLS<\/strong><\/h2>\n<p>Intelligent control plane for optical networks. It supports protection schemes, provisioning and restoration of services on DWDM networks.<\/p>\n<h2><strong>Carrier Ethernet access<\/strong><\/h2>\n<p>Carrier-Ethernet linear connections and rings for access, supporting G.8031 and G.8032 protection schemes, advanced QoS.<\/p>\n<h2><strong>Demarcation and Encryption Systems<\/strong><\/h2>\n<p>Cost effective systems for delivery of Ethernet services.<\/p>\n<p>AES-256 encryption option in last mile marker.<\/p>\n<\/div>\n<div class=\"img\"><a href=\"https:\/\/grupostg.com\/en\/transmision-2\/\"><br \/>\n<img decoding=\"async\" class=\"alignnone wp-image-327\" src=\"https:\/\/grupostg.com\/wp-content\/uploads\/2016\/07\/Transporte-\u00f3ptico.png\" alt=\"transmision\" width=\"149\" height=\"98\" \/><br \/>\n<\/a><\/div>\n<div class=\"img\"><a href=\"http:\/\/es.commscope.com\/\" target=\"_blank\"><br \/>\n<img decoding=\"async\" class=\"alignnone wp-image-329\" src=\"https:\/\/grupostg.com\/wp-content\/uploads\/2016\/08\/RF-wireless.png\" alt=\"rf-wireless\" width=\"149\" height=\"98\" \/><br \/>\n<\/a><\/div>\n<div class=\"img\"><a href=\"https:\/\/grupostg.com\/en\/core-movil-2\/\"><br \/>\n<img loading=\"lazy\" decoding=\"async\" class=\"alignnone wp-image-330\" src=\"https:\/\/grupostg.com\/wp-content\/uploads\/2016\/07\/Core-M\u00f3vil.png\" alt=\"coremovil\" width=\"149\" height=\"98\" \/><br \/>\n<\/a><\/div>\n<div class=\"img\"><a href=\"https:\/\/grupostg.com\/en\/monetizacion-2\/\"><br \/>\n<img loading=\"lazy\" decoding=\"async\" class=\"alignnone wp-image-331\" src=\"https:\/\/grupostg.com\/wp-content\/uploads\/2016\/07\/Monetizaci\u00f3n.png\" alt=\"monetizacion\" width=\"149\" height=\"98\" \/><br \/>\n<\/a><\/div>\n<div class=\"img\"><a href=\"https:\/\/grupostg.com\/en\/seguridad-y-monitoreo-2\/\"><br \/>\n<img loading=\"lazy\" decoding=\"async\" class=\"alignnone wp-image-332\" src=\"https:\/\/grupostg.com\/wp-content\/uploads\/2016\/07\/Seguridad-y-monitoreo.png\" alt=\"seguridad\" width=\"149\" height=\"98\" \/><br \/>\n<\/a><\/div>\n<div class=\"img\"><a href=\"https:\/\/grupostg.com\/en\/servicios\/\"><br \/>\n<img loading=\"lazy\" decoding=\"async\" class=\"alignnone wp-image-333\" src=\"https:\/\/grupostg.com\/wp-content\/uploads\/2016\/07\/servicios-3.png\" alt=\"servicios\" width=\"149\" height=\"98\" \/><br \/>\n<\/a><\/div>","protected":false},"excerpt":{"rendered":"<p>IP Backhaul Optimizar el rendimiento de la red con una amplia gama de soluciones adaptadas a las necesidades espec\u00edficas de transporte, incluyendo IP\/MPLS, MPLS-TP y Backhaul Ethernet Carrier. IP\/MPLS Backhaul de 3Gbps a 1.2 Tbps para nodos de agregaci\u00f3n y celdas. Carrier-Ethernet y Switches MPLS-TP multi-servicios. Sincronizaci\u00f3n a trav\u00e9s de GNSS (GPS) SFP, IEEE 1588v2, [&hellip;]<\/p>\n","protected":false},"author":1,"featured_media":0,"parent":0,"menu_order":0,"comment_status":"closed","ping_status":"closed","template":"","meta":{"om_disable_all_campaigns":false,"_monsterinsights_skip_tracking":false,"_monsterinsights_sitenote_active":false,"_monsterinsights_sitenote_note":"","_monsterinsights_sitenote_category":0,"_uf_show_specific_survey":0,"_uf_disable_surveys":false,"footnotes":""},"class_list":["post-213","page","type-page","status-publish","hentry"],"aioseo_notices":[],"_links":{"self":[{"href":"https:\/\/grupostg.com\/en\/wp-json\/wp\/v2\/pages\/213","targetHints":{"allow":["GET"]}}],"collection":[{"href":"https:\/\/grupostg.com\/en\/wp-json\/wp\/v2\/pages"}],"about":[{"href":"https:\/\/grupostg.com\/en\/wp-json\/wp\/v2\/types\/page"}],"author":[{"embeddable":true,"href":"https:\/\/grupostg.com\/en\/wp-json\/wp\/v2\/users\/1"}],"replies":[{"embeddable":true,"href":"https:\/\/grupostg.com\/en\/wp-json\/wp\/v2\/comments?post=213"}],"version-history":[{"count":25,"href":"https:\/\/grupostg.com\/en\/wp-json\/wp\/v2\/pages\/213\/revisions"}],"predecessor-version":[{"id":591,"href":"https:\/\/grupostg.com\/en\/wp-json\/wp\/v2\/pages\/213\/revisions\/591"}],"wp:attachment":[{"href":"https:\/\/grupostg.com\/en\/wp-json\/wp\/v2\/media?parent=213"}],"curies":[{"name":"wp","href":"https:\/\/api.w.org\/{rel}","templated":true}]}}