{"id":183,"date":"2016-08-04T04:17:36","date_gmt":"2016-08-04T04:17:36","guid":{"rendered":"http:\/\/192.241.166.73\/?page_id=183"},"modified":"2016-09-05T07:00:58","modified_gmt":"2016-09-05T07:00:58","slug":"implementacion-de-proyectos","status":"publish","type":"page","link":"https:\/\/grupostg.com\/en\/implementacion-de-proyectos\/","title":{"rendered":"Project Implementation"},"content":{"rendered":"<div class=\"scroll\">\n<p><img fetchpriority=\"high\" decoding=\"async\" class=\"alignnone wp-image-470 alignright\" src=\"https:\/\/grupostg.com\/wp-content\/uploads\/2016\/08\/STG-IMPLEMENTACION-300x195.jpg\" alt=\"STG IMPLEMENTACION\" width=\"500\" height=\"325\" srcset=\"https:\/\/grupostg.com\/wp-content\/uploads\/2016\/08\/STG-IMPLEMENTACION-300x195.jpg 300w, https:\/\/grupostg.com\/wp-content\/uploads\/2016\/08\/STG-IMPLEMENTACION-768x500.jpg 768w, https:\/\/grupostg.com\/wp-content\/uploads\/2016\/08\/STG-IMPLEMENTACION-1024x667.jpg 1024w, https:\/\/grupostg.com\/wp-content\/uploads\/2016\/08\/STG-IMPLEMENTACION.jpg 1728w\" sizes=\"(max-width: 500px) 100vw, 500px\" \/>We have a group of engineers with the knowledge and with different types of Certifications for the implementation of Telecommunications Projects and Data Networks:<\/p>\n<h5>IP\/MPLS, DWDM, PDH\/SDH, Wireless, MicroWave, RBS, GPON<\/h5>\n<ul>\n<li>New projects<\/li>\n<li>expansions<\/li>\n<li>Rearrangements\n<ul>\n<li>physical<\/li>\n<li>logical<\/li>\n<\/ul>\n<\/li>\n<\/ul>\n<h5>Network Design<\/h5>\n<h5>Turnkey projects<\/h5>\n<\/div>\n<div class=\"img2\"><a href=\"https:\/\/grupostg.com\/en\/logistica\/\"><br \/>\n<img decoding=\"async\" class=\"alignnone wp-image-329\" src=\"https:\/\/grupostg.com\/wp-content\/uploads\/2016\/07\/Logistica-celeste-300x197.png\" alt=\"rf-wireless\" width=\"230\" height=\"151\" \/><br \/>\n<\/a><\/div>\n<div class=\"img2\"><a href=\"https:\/\/grupostg.com\/en\/implementacion-de-proyectos\/\"><br \/>\n<img decoding=\"async\" class=\"alignnone wp-image-330\" src=\"https:\/\/grupostg.com\/wp-content\/uploads\/2016\/07\/Proyectos-celeste-300x197.png\" alt=\"coremovil\" width=\"230\" height=\"151\" \/><br \/>\n<\/a><\/div>\n<div class=\"img2\"><a href=\"https:\/\/grupostg.com\/en\/soporte-tecnico\/\"><br \/>\n<img loading=\"lazy\" decoding=\"async\" class=\"alignnone wp-image-332\" src=\"https:\/\/grupostg.com\/wp-content\/uploads\/2016\/07\/Soporte-celeste-300x197.png\" alt=\"seguridad\" width=\"230\" height=\"151\" \/><br \/>\n<\/a><\/div>\n<div class=\"img2\"><a href=\"https:\/\/grupostg.com\/en\/servicios-profesionales\/\"><br \/>\n<img loading=\"lazy\" decoding=\"async\" class=\"alignnone wp-image-331\" src=\"https:\/\/grupostg.com\/wp-content\/uploads\/2016\/07\/Servicios-profesionales-celeste-300x197.png\" alt=\"monetizacion\" width=\"230\" height=\"151\" \/><br \/>\n<\/a><\/div>\n<div class=\"img2\"><a href=\"https:\/\/grupostg.com\/en\/capacitacion\/\"><br \/>\n<img loading=\"lazy\" decoding=\"async\" class=\"alignnone wp-image-327\" src=\"https:\/\/grupostg.com\/wp-content\/uploads\/2016\/07\/Capacitaci\u00f3n-celeste-300x197.png\" alt=\"transmision\" width=\"230\" height=\"151\" \/><br \/>\n<\/a><\/div>","protected":false},"excerpt":{"rendered":"<p>Contamos con un grupo de ingenieros con los conocimientos y con diferentes tipos de Certificaciones para la implementaci\u00f3n de Proyectos de Telecomunicaciones y Redes de Datos: IP\/MPLS, DWDM, PDH\/SDH,Wireless, MicroWave, RBS, GPON Nuevos Proyectos Expansiones Reordenamientos F\u00edsicos L\u00f3gicos Dise\u00f1o de Redes Proyectos llave en Mano<\/p>","protected":false},"author":1,"featured_media":0,"parent":0,"menu_order":0,"comment_status":"closed","ping_status":"closed","template":"","meta":{"om_disable_all_campaigns":false,"_monsterinsights_skip_tracking":false,"_monsterinsights_sitenote_active":false,"_monsterinsights_sitenote_note":"","_monsterinsights_sitenote_category":0,"_uf_show_specific_survey":0,"_uf_disable_surveys":false,"footnotes":""},"class_list":["post-183","page","type-page","status-publish","hentry"],"aioseo_notices":[],"_links":{"self":[{"href":"https:\/\/grupostg.com\/en\/wp-json\/wp\/v2\/pages\/183","targetHints":{"allow":["GET"]}}],"collection":[{"href":"https:\/\/grupostg.com\/en\/wp-json\/wp\/v2\/pages"}],"about":[{"href":"https:\/\/grupostg.com\/en\/wp-json\/wp\/v2\/types\/page"}],"author":[{"embeddable":true,"href":"https:\/\/grupostg.com\/en\/wp-json\/wp\/v2\/users\/1"}],"replies":[{"embeddable":true,"href":"https:\/\/grupostg.com\/en\/wp-json\/wp\/v2\/comments?post=183"}],"version-history":[{"count":8,"href":"https:\/\/grupostg.com\/en\/wp-json\/wp\/v2\/pages\/183\/revisions"}],"predecessor-version":[{"id":650,"href":"https:\/\/grupostg.com\/en\/wp-json\/wp\/v2\/pages\/183\/revisions\/650"}],"wp:attachment":[{"href":"https:\/\/grupostg.com\/en\/wp-json\/wp\/v2\/media?parent=183"}],"curies":[{"name":"wp","href":"https:\/\/api.w.org\/{rel}","templated":true}]}}