{"id":181,"date":"2016-08-04T04:16:02","date_gmt":"2016-08-04T04:16:02","guid":{"rendered":"http:\/\/192.241.166.73\/?page_id=181"},"modified":"2016-09-05T07:00:10","modified_gmt":"2016-09-05T07:00:10","slug":"logistica","status":"publish","type":"page","link":"https:\/\/grupostg.com\/en\/logistica\/","title":{"rendered":"Logistics"},"content":{"rendered":"<div class=\"scroll\"><img fetchpriority=\"high\" decoding=\"async\" class=\"wp-image-466 alignright\" src=\"https:\/\/grupostg.com\/wp-content\/uploads\/2016\/08\/STG-LOGISTICA-300x274.jpg\" alt=\"STG LOGISTICA\" width=\"502\" height=\"459\" srcset=\"https:\/\/grupostg.com\/wp-content\/uploads\/2016\/08\/STG-LOGISTICA-300x274.jpg 300w, https:\/\/grupostg.com\/wp-content\/uploads\/2016\/08\/STG-LOGISTICA-768x702.jpg 768w, https:\/\/grupostg.com\/wp-content\/uploads\/2016\/08\/STG-LOGISTICA-1024x936.jpg 1024w, https:\/\/grupostg.com\/wp-content\/uploads\/2016\/08\/STG-LOGISTICA.jpg 1168w\" sizes=\"(max-width: 502px) 100vw, 502px\" \/>At the client&#039;s request for all his projects, mainly the &quot;Turnkey&quot; Projects,<br \/>\nWe manage the supply, transportation, storage of materials and installation accessories offering:<\/p>\n<h5>Outsourcing<\/h5>\n<ul>\n<li>Import and Export service of equipment, materials, and spare parts.<\/li>\n<li>Warehouse administration and management service for equipment hardware, spare parts and installation materials.<\/li>\n<li>Service for the preparation, distribution and transport of the installation kits to the different project sites.<\/li>\n<\/ul>\n<h5>Insurance policies<\/h5>\n<ul>\n<li>To mitigate the risks of managing project assets, we offer different insurance options during the period of contracted services.<\/li>\n<\/ul>\n<h5>Materials<\/h5>\n<ul>\n<li>Supply of auxiliary installation materials for their distribution and transport to the installation sites.<\/li>\n<\/ul>\n<\/div>\n<div class=\"img2\"><a href=\"https:\/\/grupostg.com\/en\/logistica\/\"><br \/>\n<img decoding=\"async\" class=\"alignnone wp-image-329\" src=\"https:\/\/grupostg.com\/wp-content\/uploads\/2016\/07\/Logistica-celeste-300x197.png\" alt=\"rf-wireless\" width=\"230\" height=\"151\" \/><br \/>\n<\/a><\/div>\n<div class=\"img2\"><a href=\"https:\/\/grupostg.com\/en\/implementacion-de-proyectos\/\"><br \/>\n<img decoding=\"async\" class=\"alignnone wp-image-330\" src=\"https:\/\/grupostg.com\/wp-content\/uploads\/2016\/07\/Proyectos-celeste-300x197.png\" alt=\"coremovil\" width=\"230\" height=\"151\" \/><br \/>\n<\/a><\/div>\n<div class=\"img2\"><a href=\"https:\/\/grupostg.com\/en\/soporte-tecnico\/\"><br \/>\n<img loading=\"lazy\" decoding=\"async\" class=\"alignnone wp-image-332\" src=\"https:\/\/grupostg.com\/wp-content\/uploads\/2016\/07\/Soporte-celeste-300x197.png\" alt=\"seguridad\" width=\"230\" height=\"151\" \/><br \/>\n<\/a><\/div>\n<div class=\"img2\"><a href=\"https:\/\/grupostg.com\/en\/servicios-profesionales\/\"><br \/>\n<img loading=\"lazy\" decoding=\"async\" class=\"alignnone wp-image-331\" src=\"https:\/\/grupostg.com\/wp-content\/uploads\/2016\/07\/Servicios-profesionales-celeste-300x197.png\" alt=\"monetizacion\" width=\"230\" height=\"151\" \/><br \/>\n<\/a><\/div>\n<div class=\"img2\"><a href=\"https:\/\/grupostg.com\/en\/capacitacion\/\"><br \/>\n<img loading=\"lazy\" decoding=\"async\" class=\"alignnone wp-image-327\" src=\"https:\/\/grupostg.com\/wp-content\/uploads\/2016\/07\/Capacitaci\u00f3n-celeste-300x197.png\" alt=\"transmision\" width=\"230\" height=\"151\" \/><br \/>\n<\/a><\/div>","protected":false},"excerpt":{"rendered":"<p>A requerimiento del cliente para todos sus proyectos principalmente los Proyectos \u201cLlave en mano\u201d, administramos el suministro, transporte, almacenamiento de materiales y accesorios de instalaci\u00f3n ofreciendo: Outsourcing Servicio de Importaci\u00f3n y Exportaci\u00f3n de equipos, materiales, y repuestos. Servicio de administraci\u00f3n y gesti\u00f3n de bodegas para el Hardware de equipos, repuestos y materiales de instalaci\u00f3n. Servicio [&hellip;]<\/p>\n","protected":false},"author":1,"featured_media":0,"parent":0,"menu_order":0,"comment_status":"closed","ping_status":"closed","template":"","meta":{"om_disable_all_campaigns":false,"_monsterinsights_skip_tracking":false,"_monsterinsights_sitenote_active":false,"_monsterinsights_sitenote_note":"","_monsterinsights_sitenote_category":0,"_uf_show_specific_survey":0,"_uf_disable_surveys":false,"footnotes":""},"class_list":["post-181","page","type-page","status-publish","hentry"],"aioseo_notices":[],"_links":{"self":[{"href":"https:\/\/grupostg.com\/en\/wp-json\/wp\/v2\/pages\/181","targetHints":{"allow":["GET"]}}],"collection":[{"href":"https:\/\/grupostg.com\/en\/wp-json\/wp\/v2\/pages"}],"about":[{"href":"https:\/\/grupostg.com\/en\/wp-json\/wp\/v2\/types\/page"}],"author":[{"embeddable":true,"href":"https:\/\/grupostg.com\/en\/wp-json\/wp\/v2\/users\/1"}],"replies":[{"embeddable":true,"href":"https:\/\/grupostg.com\/en\/wp-json\/wp\/v2\/comments?post=181"}],"version-history":[{"count":14,"href":"https:\/\/grupostg.com\/en\/wp-json\/wp\/v2\/pages\/181\/revisions"}],"predecessor-version":[{"id":649,"href":"https:\/\/grupostg.com\/en\/wp-json\/wp\/v2\/pages\/181\/revisions\/649"}],"wp:attachment":[{"href":"https:\/\/grupostg.com\/en\/wp-json\/wp\/v2\/media?parent=181"}],"curies":[{"name":"wp","href":"https:\/\/api.w.org\/{rel}","templated":true}]}}