{"id":1545,"date":"2024-02-05T17:03:26","date_gmt":"2024-02-05T23:03:26","guid":{"rendered":"https:\/\/grupostg.com\/?page_id=1545"},"modified":"2024-02-05T17:15:21","modified_gmt":"2024-02-05T23:15:21","slug":"cursos","status":"publish","type":"page","link":"https:\/\/grupostg.com\/en\/cursos\/","title":{"rendered":"Cursos"},"content":{"rendered":"<div data-elementor-type=\"wp-page\" data-elementor-id=\"1545\" class=\"elementor elementor-1545\" data-elementor-post-type=\"page\">\n\t\t\t\t\t\t<section class=\"elementor-section elementor-top-section elementor-element elementor-element-5cf284d elementor-section-boxed elementor-section-height-default elementor-section-height-default\" data-id=\"5cf284d\" data-element_type=\"section\" data-e-type=\"section\">\n\t\t\t\t\t\t<div class=\"elementor-container elementor-column-gap-default\">\n\t\t\t\t\t<div class=\"elementor-column elementor-col-100 elementor-top-column elementor-element elementor-element-80d6356\" data-id=\"80d6356\" data-element_type=\"column\" data-e-type=\"column\">\n\t\t\t<div class=\"elementor-widget-wrap elementor-element-populated\">\n\t\t\t\t\t\t<div class=\"elementor-element elementor-element-fa773f6 elementor-widget elementor-widget-spacer\" data-id=\"fa773f6\" data-element_type=\"widget\" data-e-type=\"widget\" data-widget_type=\"spacer.default\">\n\t\t\t\t<div class=\"elementor-widget-container\">\n\t\t\t\t\t\t\t<div class=\"elementor-spacer\">\n\t\t\t<div class=\"elementor-spacer-inner\"><\/div>\n\t\t<\/div>\n\t\t\t\t\t\t<\/div>\n\t\t\t\t<\/div>\n\t\t\t\t\t<\/div>\n\t\t<\/div>\n\t\t\t\t\t<\/div>\n\t\t<\/section>\n\t\t\t\t<section class=\"elementor-section elementor-top-section elementor-element elementor-element-3d2ac30 elementor-section-full_width elementor-section-height-default elementor-section-height-default\" data-id=\"3d2ac30\" data-element_type=\"section\" data-e-type=\"section\">\n\t\t\t\t\t\t<div class=\"elementor-container elementor-column-gap-default\">\n\t\t\t\t\t<div class=\"elementor-column elementor-col-50 elementor-top-column elementor-element elementor-element-c6c9648 elementor-hidden-mobile\" data-id=\"c6c9648\" data-element_type=\"column\" data-e-type=\"column\" data-settings=\"{&quot;background_background&quot;:&quot;classic&quot;}\">\n\t\t\t<div class=\"elementor-widget-wrap\">\n\t\t\t\t\t\t\t<\/div>\n\t\t<\/div>\n\t\t\t\t<div class=\"elementor-column elementor-col-50 elementor-top-column elementor-element elementor-element-5018195\" data-id=\"5018195\" data-element_type=\"column\" data-e-type=\"column\">\n\t\t\t<div class=\"elementor-widget-wrap elementor-element-populated\">\n\t\t\t\t\t\t<section class=\"elementor-section elementor-inner-section elementor-element elementor-element-77c0cbc elementor-section-boxed elementor-section-height-default elementor-section-height-default\" data-id=\"77c0cbc\" data-element_type=\"section\" data-e-type=\"section\">\n\t\t\t\t\t\t<div class=\"elementor-container elementor-column-gap-no\">\n\t\t\t\t\t<div class=\"elementor-column elementor-col-100 elementor-inner-column elementor-element elementor-element-9ddd3f7\" data-id=\"9ddd3f7\" data-element_type=\"column\" data-e-type=\"column\">\n\t\t\t<div class=\"elementor-widget-wrap elementor-element-populated\">\n\t\t\t\t\t\t<div class=\"elementor-element elementor-element-9e3b42e elementor-widget-divider--view-line_text elementor-widget-divider--element-align-right elementor-invisible elementor-widget elementor-widget-divider\" data-id=\"9e3b42e\" data-element_type=\"widget\" data-e-type=\"widget\" data-settings=\"{&quot;_animation&quot;:&quot;fadeInUp&quot;}\" data-widget_type=\"divider.default\">\n\t\t\t\t<div class=\"elementor-widget-container\">\n\t\t\t\t\t\t\t<div class=\"elementor-divider\">\n\t\t\t<span class=\"elementor-divider-separator\">\n\t\t\t\t\t\t\t<span class=\"elementor-divider__text elementor-divider__element\">\n\t\t\t\tSTG Group\t\t\t\t<\/span>\n\t\t\t\t\t\t<\/span>\n\t\t<\/div>\n\t\t\t\t\t\t<\/div>\n\t\t\t\t<\/div>\n\t\t\t\t<div class=\"elementor-element elementor-element-a406bb4 elementor-invisible elementor-widget elementor-widget-heading\" data-id=\"a406bb4\" data-element_type=\"widget\" data-e-type=\"widget\" data-settings=\"{&quot;_animation&quot;:&quot;fadeInUp&quot;,&quot;_animation_delay&quot;:200}\" data-widget_type=\"heading.default\">\n\t\t\t\t<div class=\"elementor-widget-container\">\n\t\t\t\t\t<h2 class=\"elementor-heading-title elementor-size-default\">Cursos<\/h2>\t\t\t\t<\/div>\n\t\t\t\t<\/div>\n\t\t\t\t<div class=\"elementor-element elementor-element-f171539 elementor-widget elementor-widget-text-editor\" data-id=\"f171539\" data-element_type=\"widget\" data-e-type=\"widget\" data-widget_type=\"text-editor.default\">\n\t\t\t\t<div class=\"elementor-widget-container\">\n\t\t\t\t\t\t\t\t\t<p>Estamos encantados de anunciar<br \/>nuestra asociaci\u00f3n con Solar Energy<br \/>International, una destacada empresa<br \/>especializada en capacitaci\u00f3n y<br \/>certificaci\u00f3n de personal para el uso de<br \/>energ\u00eda solar. Esta colaboraci\u00f3n<br \/>estrat\u00e9gica nos permite ofrecer a<br \/>nuestros clientes acceso a programas<br \/>de capacitaci\u00f3n de alta calidad y<br \/>certificaciones reconocidas en el campo<br \/>de la energ\u00eda solar. Juntos, estamos<br \/>comprometidos en capacitar y certificar<br \/>a profesionales en la industria solar,<br \/>asegurando que est\u00e9n equipados con el<br \/>conocimiento y las habilidades<br \/>necesarias para impulsar la adopci\u00f3n<br \/>de energ\u00eda limpia y sostenible en todo<br \/>el mundo.<\/p>\t\t\t\t\t\t\t\t<\/div>\n\t\t\t\t<\/div>\n\t\t\t\t<div class=\"elementor-element elementor-element-3e29510 elementor-widget elementor-widget-image\" data-id=\"3e29510\" data-element_type=\"widget\" data-e-type=\"widget\" data-widget_type=\"image.default\">\n\t\t\t\t<div class=\"elementor-widget-container\">\n\t\t\t\t\t\t\t\t\t\t\t\t\t\t\t\t<a href=\"https:\/\/www.solarenergy.org\/es\/\">\n\t\t\t\t\t\t\t<img fetchpriority=\"high\" decoding=\"async\" width=\"800\" height=\"92\" src=\"https:\/\/grupostg.com\/wp-content\/uploads\/2024\/02\/Solar-Energy-Logo.webp\" class=\"attachment-large size-large wp-image-1552\" alt=\"\" srcset=\"https:\/\/grupostg.com\/wp-content\/uploads\/2024\/02\/Solar-Energy-Logo.webp 1014w, https:\/\/grupostg.com\/wp-content\/uploads\/2024\/02\/Solar-Energy-Logo-300x35.webp 300w, https:\/\/grupostg.com\/wp-content\/uploads\/2024\/02\/Solar-Energy-Logo-768x89.webp 768w, https:\/\/grupostg.com\/wp-content\/uploads\/2024\/02\/Solar-Energy-Logo-18x2.webp 18w\" sizes=\"(max-width: 800px) 100vw, 800px\" \/>\t\t\t\t\t\t\t\t<\/a>\n\t\t\t\t\t\t\t\t\t\t\t\t\t\t\t<\/div>\n\t\t\t\t<\/div>\n\t\t\t\t<div class=\"elementor-element elementor-element-9f370f9 elementor-widget elementor-widget-spacer\" data-id=\"9f370f9\" data-element_type=\"widget\" data-e-type=\"widget\" data-widget_type=\"spacer.default\">\n\t\t\t\t<div class=\"elementor-widget-container\">\n\t\t\t\t\t\t\t<div class=\"elementor-spacer\">\n\t\t\t<div class=\"elementor-spacer-inner\"><\/div>\n\t\t<\/div>\n\t\t\t\t\t\t<\/div>\n\t\t\t\t<\/div>\n\t\t\t\t<div class=\"elementor-element elementor-element-76d76d1 elementor-widget elementor-widget-button\" data-id=\"76d76d1\" data-element_type=\"widget\" data-e-type=\"widget\" data-widget_type=\"button.default\">\n\t\t\t\t<div class=\"elementor-widget-container\">\n\t\t\t\t\t\t\t\t\t<div class=\"elementor-button-wrapper\">\n\t\t\t\t\t<a class=\"elementor-button elementor-button-link elementor-size-sm elementor-animation-float\" href=\"https:\/\/grupostg.com\/en\/contacto\/\">\n\t\t\t\t\t\t<span class=\"elementor-button-content-wrapper\">\n\t\t\t\t\t\t<span class=\"elementor-button-icon\">\n\t\t\t\t<i aria-hidden=\"true\" class=\"fas fa-arrow-right\"><\/i>\t\t\t<\/span>\n\t\t\t\t\t\t\t\t\t<span class=\"elementor-button-text\">Contact Us<\/span>\n\t\t\t\t\t<\/span>\n\t\t\t\t\t<\/a>\n\t\t\t\t<\/div>\n\t\t\t\t\t\t\t\t<\/div>\n\t\t\t\t<\/div>\n\t\t\t\t\t<\/div>\n\t\t<\/div>\n\t\t\t\t\t<\/div>\n\t\t<\/section>\n\t\t\t\t\t<\/div>\n\t\t<\/div>\n\t\t\t\t\t<\/div>\n\t\t<\/section>\n\t\t\t\t<\/div>","protected":false},"excerpt":{"rendered":"<p>Grupo STG Cursos Estamos encantados de anunciarnuestra asociaci\u00f3n con Solar EnergyInternational, una destacada empresaespecializada en capacitaci\u00f3n ycertificaci\u00f3n de personal para el uso deenerg\u00eda solar. Esta colaboraci\u00f3nestrat\u00e9gica nos permite ofrecer anuestros clientes acceso a programasde capacitaci\u00f3n de alta calidad ycertificaciones reconocidas en el campode la energ\u00eda solar. Juntos, estamoscomprometidos en capacitar y certificara profesionales en la [&hellip;]<\/p>\n","protected":false},"author":2,"featured_media":0,"parent":0,"menu_order":0,"comment_status":"closed","ping_status":"closed","template":"elementor_header_footer","meta":{"om_disable_all_campaigns":false,"_monsterinsights_skip_tracking":false,"_monsterinsights_sitenote_active":false,"_monsterinsights_sitenote_note":"","_monsterinsights_sitenote_category":0,"_uf_show_specific_survey":0,"_uf_disable_surveys":false,"footnotes":""},"class_list":["post-1545","page","type-page","status-publish","hentry"],"aioseo_notices":[],"_links":{"self":[{"href":"https:\/\/grupostg.com\/en\/wp-json\/wp\/v2\/pages\/1545","targetHints":{"allow":["GET"]}}],"collection":[{"href":"https:\/\/grupostg.com\/en\/wp-json\/wp\/v2\/pages"}],"about":[{"href":"https:\/\/grupostg.com\/en\/wp-json\/wp\/v2\/types\/page"}],"author":[{"embeddable":true,"href":"https:\/\/grupostg.com\/en\/wp-json\/wp\/v2\/users\/2"}],"replies":[{"embeddable":true,"href":"https:\/\/grupostg.com\/en\/wp-json\/wp\/v2\/comments?post=1545"}],"version-history":[{"count":16,"href":"https:\/\/grupostg.com\/en\/wp-json\/wp\/v2\/pages\/1545\/revisions"}],"predecessor-version":[{"id":1568,"href":"https:\/\/grupostg.com\/en\/wp-json\/wp\/v2\/pages\/1545\/revisions\/1568"}],"wp:attachment":[{"href":"https:\/\/grupostg.com\/en\/wp-json\/wp\/v2\/media?parent=1545"}],"curies":[{"name":"wp","href":"https:\/\/api.w.org\/{rel}","templated":true}]}}