{"id":1533,"date":"2024-02-05T16:53:55","date_gmt":"2024-02-05T22:53:55","guid":{"rendered":"https:\/\/grupostg.com\/?page_id=1533"},"modified":"2024-02-13T09:39:21","modified_gmt":"2024-02-13T15:39:21","slug":"capacitaciones-certificaciones","status":"publish","type":"page","link":"https:\/\/grupostg.com\/en\/capacitaciones-certificaciones\/","title":{"rendered":"Training\/Certifications"},"content":{"rendered":"<div data-elementor-type=\"wp-page\" data-elementor-id=\"1533\" class=\"elementor elementor-1533\" data-elementor-post-type=\"page\">\n\t\t\t\t\t\t<section class=\"elementor-section elementor-top-section elementor-element elementor-element-32fc98b elementor-section-boxed elementor-section-height-default elementor-section-height-default\" data-id=\"32fc98b\" data-element_type=\"section\">\n\t\t\t\t\t\t<div class=\"elementor-container elementor-column-gap-default\">\n\t\t\t\t\t<div class=\"elementor-column elementor-col-100 elementor-top-column elementor-element elementor-element-dc2c4c0\" data-id=\"dc2c4c0\" data-element_type=\"column\">\n\t\t\t<div class=\"elementor-widget-wrap elementor-element-populated\">\n\t\t\t\t\t\t<div class=\"elementor-element elementor-element-425745e elementor-widget elementor-widget-spacer\" data-id=\"425745e\" data-element_type=\"widget\" data-widget_type=\"spacer.default\">\n\t\t\t\t<div class=\"elementor-widget-container\">\n\t\t\t\t\t\t\t<div class=\"elementor-spacer\">\n\t\t\t<div class=\"elementor-spacer-inner\"><\/div>\n\t\t<\/div>\n\t\t\t\t\t\t<\/div>\n\t\t\t\t<\/div>\n\t\t\t\t\t<\/div>\n\t\t<\/div>\n\t\t\t\t\t<\/div>\n\t\t<\/section>\n\t\t\t\t<section class=\"elementor-section elementor-top-section elementor-element elementor-element-957f3ca elementor-section-full_width elementor-section-height-default elementor-section-height-default\" data-id=\"957f3ca\" data-element_type=\"section\">\n\t\t\t\t\t\t<div class=\"elementor-container elementor-column-gap-default\">\n\t\t\t\t\t<div class=\"elementor-column elementor-col-50 elementor-top-column elementor-element elementor-element-9ef71b2 elementor-hidden-mobile\" data-id=\"9ef71b2\" data-element_type=\"column\" data-settings=\"{&quot;background_background&quot;:&quot;classic&quot;}\">\n\t\t\t<div class=\"elementor-widget-wrap\">\n\t\t\t\t\t\t\t<\/div>\n\t\t<\/div>\n\t\t\t\t<div class=\"elementor-column elementor-col-50 elementor-top-column elementor-element elementor-element-7e4400e\" data-id=\"7e4400e\" data-element_type=\"column\">\n\t\t\t<div class=\"elementor-widget-wrap elementor-element-populated\">\n\t\t\t\t\t\t<section class=\"elementor-section elementor-inner-section elementor-element elementor-element-9b96d0f elementor-section-boxed elementor-section-height-default elementor-section-height-default\" data-id=\"9b96d0f\" data-element_type=\"section\">\n\t\t\t\t\t\t<div class=\"elementor-container elementor-column-gap-no\">\n\t\t\t\t\t<div class=\"elementor-column elementor-col-100 elementor-inner-column elementor-element elementor-element-37d6d5a\" data-id=\"37d6d5a\" data-element_type=\"column\">\n\t\t\t<div class=\"elementor-widget-wrap elementor-element-populated\">\n\t\t\t\t\t\t<div class=\"elementor-element elementor-element-bf8d1a2 elementor-widget-divider--view-line_text elementor-widget-divider--element-align-right elementor-invisible elementor-widget elementor-widget-divider\" data-id=\"bf8d1a2\" data-element_type=\"widget\" data-settings=\"{&quot;_animation&quot;:&quot;fadeInUp&quot;}\" data-widget_type=\"divider.default\">\n\t\t\t\t<div class=\"elementor-widget-container\">\n\t\t\t\t\t\t\t<div class=\"elementor-divider\">\n\t\t\t<span class=\"elementor-divider-separator\">\n\t\t\t\t\t\t\t<span class=\"elementor-divider__text elementor-divider__element\">\n\t\t\t\tSTG Group\t\t\t\t<\/span>\n\t\t\t\t\t\t<\/span>\n\t\t<\/div>\n\t\t\t\t\t\t<\/div>\n\t\t\t\t<\/div>\n\t\t\t\t<div class=\"elementor-element elementor-element-cb52368 elementor-invisible elementor-widget elementor-widget-heading\" data-id=\"cb52368\" data-element_type=\"widget\" data-settings=\"{&quot;_animation&quot;:&quot;fadeInUp&quot;,&quot;_animation_delay&quot;:200}\" data-widget_type=\"heading.default\">\n\t\t\t\t<div class=\"elementor-widget-container\">\n\t\t\t\t\t<h2 class=\"elementor-heading-title elementor-size-default\">Trainings<\/h2>\t\t\t\t<\/div>\n\t\t\t\t<\/div>\n\t\t\t\t<div class=\"elementor-element elementor-element-d7c71b4 elementor-widget elementor-widget-text-editor\" data-id=\"d7c71b4\" data-element_type=\"widget\" data-widget_type=\"text-editor.default\">\n\t\t\t\t<div class=\"elementor-widget-container\">\n\t\t\t\t\t\t\t\t\t<p>Within our services we have experienced instructors in telecommunications networks in different technologies. We have a laboratory for each course, which allows the student to do the necessary and required practices and then go to the field with the necessary security. Within the different courses:<\/p><ul><li>Introduction to Networks and Telecommunications<\/li><li>IP\/MPLS, PDH\/SDH, DWDM<\/li><li>PM oriented to Telecommunications<\/li><li>Laboratory for practices of different technologies<\/li><li>Job Training<\/li><li>tutorials<\/li><\/ul>\t\t\t\t\t\t\t\t<\/div>\n\t\t\t\t<\/div>\n\t\t\t\t<div class=\"elementor-element elementor-element-c1985fb elementor-widget elementor-widget-spacer\" data-id=\"c1985fb\" data-element_type=\"widget\" data-widget_type=\"spacer.default\">\n\t\t\t\t<div class=\"elementor-widget-container\">\n\t\t\t\t\t\t\t<div class=\"elementor-spacer\">\n\t\t\t<div class=\"elementor-spacer-inner\"><\/div>\n\t\t<\/div>\n\t\t\t\t\t\t<\/div>\n\t\t\t\t<\/div>\n\t\t\t\t\t<\/div>\n\t\t<\/div>\n\t\t\t\t\t<\/div>\n\t\t<\/section>\n\t\t\t\t<section class=\"elementor-section elementor-inner-section elementor-element elementor-element-beb40d5 elementor-section-boxed elementor-section-height-default elementor-section-height-default\" data-id=\"beb40d5\" data-element_type=\"section\">\n\t\t\t\t\t\t<div class=\"elementor-container elementor-column-gap-no\">\n\t\t\t\t\t<div class=\"elementor-column elementor-col-100 elementor-inner-column elementor-element elementor-element-125206d\" data-id=\"125206d\" data-element_type=\"column\">\n\t\t\t<div class=\"elementor-widget-wrap elementor-element-populated\">\n\t\t\t\t\t\t<div class=\"elementor-element elementor-element-304f4b3 elementor-widget-divider--view-line_text elementor-widget-divider--element-align-right elementor-invisible elementor-widget elementor-widget-divider\" data-id=\"304f4b3\" data-element_type=\"widget\" data-settings=\"{&quot;_animation&quot;:&quot;fadeInUp&quot;}\" data-widget_type=\"divider.default\">\n\t\t\t\t<div class=\"elementor-widget-container\">\n\t\t\t\t\t\t\t<div class=\"elementor-divider\">\n\t\t\t<span class=\"elementor-divider-separator\">\n\t\t\t\t\t\t\t<span class=\"elementor-divider__text elementor-divider__element\">\n\t\t\t\tSTG Group\t\t\t\t<\/span>\n\t\t\t\t\t\t<\/span>\n\t\t<\/div>\n\t\t\t\t\t\t<\/div>\n\t\t\t\t<\/div>\n\t\t\t\t<div class=\"elementor-element elementor-element-65de708 elementor-invisible elementor-widget elementor-widget-heading\" data-id=\"65de708\" data-element_type=\"widget\" data-settings=\"{&quot;_animation&quot;:&quot;fadeInUp&quot;,&quot;_animation_delay&quot;:200}\" data-widget_type=\"heading.default\">\n\t\t\t\t<div class=\"elementor-widget-container\">\n\t\t\t\t\t<h2 class=\"elementor-heading-title elementor-size-default\">Certifications<\/h2>\t\t\t\t<\/div>\n\t\t\t\t<\/div>\n\t\t\t\t<div class=\"elementor-element elementor-element-5e3c3c1 elementor-widget elementor-widget-image\" data-id=\"5e3c3c1\" data-element_type=\"widget\" data-widget_type=\"image.default\">\n\t\t\t\t<div class=\"elementor-widget-container\">\n\t\t\t\t\t\t\t\t\t\t\t\t<figure class=\"wp-caption\">\n\t\t\t\t\t\t\t\t\t\t\t<a href=\"https:\/\/tecmedia.net\/\">\n\t\t\t\t\t\t\t<img decoding=\"async\" width=\"272\" height=\"122\" src=\"https:\/\/grupostg.com\/wp-content\/uploads\/2024\/01\/tecmedialogo.png\" class=\"attachment-2048x2048 size-2048x2048 wp-image-1528\" alt=\"\" srcset=\"https:\/\/grupostg.com\/wp-content\/uploads\/2024\/01\/tecmedialogo.png 272w, https:\/\/grupostg.com\/wp-content\/uploads\/2024\/01\/tecmedialogo-18x8.png 18w\" sizes=\"(max-width: 272px) 100vw, 272px\" \/>\t\t\t\t\t\t\t\t<\/a>\n\t\t\t\t\t\t\t\t\t\t\t<figcaption class=\"widget-image-caption wp-caption-text\"><\/figcaption>\n\t\t\t\t\t\t\t\t\t\t<\/figure>\n\t\t\t\t\t\t\t\t\t<\/div>\n\t\t\t\t<\/div>\n\t\t\t\t<div class=\"elementor-element elementor-element-05ae487 elementor-widget elementor-widget-text-editor\" data-id=\"05ae487\" data-element_type=\"widget\" data-widget_type=\"text-editor.default\">\n\t\t\t\t<div class=\"elementor-widget-container\">\n\t\t\t\t\t\t\t\t\t<p>In a strategic alliance with TecMedia we are the gateway to a world of professional opportunities through our cutting-edge certifications. To do this, we can provide you with leading technology certifications, covering critical areas such as cybersecurity, infrastructure and cloud, data science, programming, networks, project management, and agile methodologies such as SCRUM.<\/p><p>We follow rigorous international standards such as ISO to ensure the excellence and relevance of our certifications. Whether you are looking to strengthen your technical skills or advance your career, with us you will find the path to certified professional success. We collaborate with prestigious certifying entities such as:<\/p><p>\u00a0<\/p><h6 style=\"text-align: center;\">CompTIA,<\/h6><h6 style=\"text-align: center;\">Certiport,\u00a0<\/h6><h6 style=\"text-align: center;\"><u><\/u>Certmind,<u><\/u><u><\/u><\/h6><h6 style=\"text-align: center;\">Microsoft<\/h6>\t\t\t\t\t\t\t\t<\/div>\n\t\t\t\t<\/div>\n\t\t\t\t<div class=\"elementor-element elementor-element-7d665dd elementor-widget elementor-widget-spacer\" data-id=\"7d665dd\" data-element_type=\"widget\" data-widget_type=\"spacer.default\">\n\t\t\t\t<div class=\"elementor-widget-container\">\n\t\t\t\t\t\t\t<div class=\"elementor-spacer\">\n\t\t\t<div class=\"elementor-spacer-inner\"><\/div>\n\t\t<\/div>\n\t\t\t\t\t\t<\/div>\n\t\t\t\t<\/div>\n\t\t\t\t\t<\/div>\n\t\t<\/div>\n\t\t\t\t\t<\/div>\n\t\t<\/section>\n\t\t\t\t<section class=\"elementor-section elementor-inner-section elementor-element elementor-element-4c75e92 elementor-section-boxed elementor-section-height-default elementor-section-height-default\" data-id=\"4c75e92\" data-element_type=\"section\">\n\t\t\t\t\t\t<div class=\"elementor-container elementor-column-gap-no\">\n\t\t\t\t\t<div class=\"elementor-column elementor-col-100 elementor-inner-column elementor-element elementor-element-37ee844\" data-id=\"37ee844\" data-element_type=\"column\">\n\t\t\t<div class=\"elementor-widget-wrap elementor-element-populated\">\n\t\t\t\t\t\t<div class=\"elementor-element elementor-element-3156f09 elementor-widget-divider--view-line_text elementor-widget-divider--element-align-right elementor-invisible elementor-widget elementor-widget-divider\" data-id=\"3156f09\" data-element_type=\"widget\" data-settings=\"{&quot;_animation&quot;:&quot;fadeInUp&quot;}\" data-widget_type=\"divider.default\">\n\t\t\t\t<div class=\"elementor-widget-container\">\n\t\t\t\t\t\t\t<div class=\"elementor-divider\">\n\t\t\t<span class=\"elementor-divider-separator\">\n\t\t\t\t\t\t\t<span class=\"elementor-divider__text elementor-divider__element\">\n\t\t\t\tSTG Group\t\t\t\t<\/span>\n\t\t\t\t\t\t<\/span>\n\t\t<\/div>\n\t\t\t\t\t\t<\/div>\n\t\t\t\t<\/div>\n\t\t\t\t<div class=\"elementor-element elementor-element-c38d978 elementor-invisible elementor-widget elementor-widget-heading\" data-id=\"c38d978\" data-element_type=\"widget\" data-settings=\"{&quot;_animation&quot;:&quot;fadeInUp&quot;,&quot;_animation_delay&quot;:200}\" data-widget_type=\"heading.default\">\n\t\t\t\t<div class=\"elementor-widget-container\">\n\t\t\t\t\t<h2 class=\"elementor-heading-title elementor-size-default\">Cursos<\/h2>\t\t\t\t<\/div>\n\t\t\t\t<\/div>\n\t\t\t\t<div class=\"elementor-element elementor-element-e1f3bc2 elementor-widget elementor-widget-text-editor\" data-id=\"e1f3bc2\" data-element_type=\"widget\" data-widget_type=\"text-editor.default\">\n\t\t\t\t<div class=\"elementor-widget-container\">\n\t\t\t\t\t\t\t\t\t<p>Estamos encantados de anunciar nuestra asociaci\u00f3n con Solar Energy International, una destacada empresa especializada en capacitaci\u00f3n y certificaci\u00f3n de personal para el uso de energ\u00eda solar. Esta colaboraci\u00f3n estrat\u00e9gica nos permite ofrecer a nuestros clientes acceso a programas de capacitaci\u00f3n de alta calidad y certificaciones reconocidas en el campo de la energ\u00eda solar. Juntos, estamos comprometidos en capacitar y certificar<br \/>a profesionales en la industria solar, asegurando que est\u00e9n equipados con el conocimiento y las habilidades necesarias para impulsar la adopci\u00f3n de energ\u00eda limpia y sostenible en todo el mundo.<\/p>\t\t\t\t\t\t\t\t<\/div>\n\t\t\t\t<\/div>\n\t\t\t\t<div class=\"elementor-element elementor-element-ecc2a59 elementor-widget elementor-widget-image\" data-id=\"ecc2a59\" data-element_type=\"widget\" data-widget_type=\"image.default\">\n\t\t\t\t<div class=\"elementor-widget-container\">\n\t\t\t\t\t\t\t\t\t\t\t\t\t\t\t\t<a href=\"https:\/\/www.solarenergy.org\/es\/\">\n\t\t\t\t\t\t\t<img fetchpriority=\"high\" decoding=\"async\" width=\"800\" height=\"92\" src=\"https:\/\/grupostg.com\/wp-content\/uploads\/2024\/02\/Solar-Energy-Logo.webp\" class=\"attachment-large size-large wp-image-1552\" alt=\"\" srcset=\"https:\/\/grupostg.com\/wp-content\/uploads\/2024\/02\/Solar-Energy-Logo.webp 1014w, https:\/\/grupostg.com\/wp-content\/uploads\/2024\/02\/Solar-Energy-Logo-300x35.webp 300w, https:\/\/grupostg.com\/wp-content\/uploads\/2024\/02\/Solar-Energy-Logo-768x89.webp 768w, https:\/\/grupostg.com\/wp-content\/uploads\/2024\/02\/Solar-Energy-Logo-18x2.webp 18w\" sizes=\"(max-width: 800px) 100vw, 800px\" \/>\t\t\t\t\t\t\t\t<\/a>\n\t\t\t\t\t\t\t\t\t\t\t\t\t\t\t<\/div>\n\t\t\t\t<\/div>\n\t\t\t\t<div class=\"elementor-element elementor-element-633130d elementor-widget elementor-widget-spacer\" data-id=\"633130d\" data-element_type=\"widget\" data-widget_type=\"spacer.default\">\n\t\t\t\t<div class=\"elementor-widget-container\">\n\t\t\t\t\t\t\t<div class=\"elementor-spacer\">\n\t\t\t<div class=\"elementor-spacer-inner\"><\/div>\n\t\t<\/div>\n\t\t\t\t\t\t<\/div>\n\t\t\t\t<\/div>\n\t\t\t\t<div class=\"elementor-element elementor-element-a0c8ec5 elementor-mobile-align-center elementor-widget elementor-widget-button\" data-id=\"a0c8ec5\" data-element_type=\"widget\" data-widget_type=\"button.default\">\n\t\t\t\t<div class=\"elementor-widget-container\">\n\t\t\t\t\t\t\t\t\t<div class=\"elementor-button-wrapper\">\n\t\t\t\t\t<a class=\"elementor-button elementor-button-link elementor-size-sm elementor-animation-float\" href=\"https:\/\/grupostg.com\/en\/contacto\/\">\n\t\t\t\t\t\t<span class=\"elementor-button-content-wrapper\">\n\t\t\t\t\t\t<span class=\"elementor-button-icon\">\n\t\t\t\t<i aria-hidden=\"true\" class=\"fas fa-arrow-right\"><\/i>\t\t\t<\/span>\n\t\t\t\t\t\t\t\t\t<span class=\"elementor-button-text\">Contact Us<\/span>\n\t\t\t\t\t<\/span>\n\t\t\t\t\t<\/a>\n\t\t\t\t<\/div>\n\t\t\t\t\t\t\t\t<\/div>\n\t\t\t\t<\/div>\n\t\t\t\t\t<\/div>\n\t\t<\/div>\n\t\t\t\t\t<\/div>\n\t\t<\/section>\n\t\t\t\t\t<\/div>\n\t\t<\/div>\n\t\t\t\t\t<\/div>\n\t\t<\/section>\n\t\t\t\t<\/div>","protected":false},"excerpt":{"rendered":"<p>Grupo STG Capacitaciones Dentro de nuestros servicios contamos con instructores experimentados en redes de telecomunicaciones en diferentes tecnolog\u00edas. Contamos con un laboratorio para cada curso, lo que permite al estudiante hacer las practicas necesarias y requeridas para luego ir al campo con la seguridad necesaria. Dentro de los diferentes cursos: Introducci\u00f3n a Redes y Telecomunicaciones [&hellip;]<\/p>","protected":false},"author":2,"featured_media":0,"parent":0,"menu_order":0,"comment_status":"closed","ping_status":"closed","template":"elementor_header_footer","meta":{"om_disable_all_campaigns":false,"_monsterinsights_skip_tracking":false,"_monsterinsights_sitenote_active":false,"_monsterinsights_sitenote_note":"","_monsterinsights_sitenote_category":0,"_uf_show_specific_survey":0,"_uf_disable_surveys":false,"footnotes":""},"class_list":["post-1533","page","type-page","status-publish","hentry"],"aioseo_notices":[],"_links":{"self":[{"href":"https:\/\/grupostg.com\/en\/wp-json\/wp\/v2\/pages\/1533","targetHints":{"allow":["GET"]}}],"collection":[{"href":"https:\/\/grupostg.com\/en\/wp-json\/wp\/v2\/pages"}],"about":[{"href":"https:\/\/grupostg.com\/en\/wp-json\/wp\/v2\/types\/page"}],"author":[{"embeddable":true,"href":"https:\/\/grupostg.com\/en\/wp-json\/wp\/v2\/users\/2"}],"replies":[{"embeddable":true,"href":"https:\/\/grupostg.com\/en\/wp-json\/wp\/v2\/comments?post=1533"}],"version-history":[{"count":19,"href":"https:\/\/grupostg.com\/en\/wp-json\/wp\/v2\/pages\/1533\/revisions"}],"predecessor-version":[{"id":1585,"href":"https:\/\/grupostg.com\/en\/wp-json\/wp\/v2\/pages\/1533\/revisions\/1585"}],"wp:attachment":[{"href":"https:\/\/grupostg.com\/en\/wp-json\/wp\/v2\/media?parent=1533"}],"curies":[{"name":"wp","href":"https:\/\/api.w.org\/{rel}","templated":true}]}}